{"id":598,"date":"2016-04-04T11:28:56","date_gmt":"2016-04-04T11:28:56","guid":{"rendered":"http:\/\/www.luxerentals.net\/?page_id=598"},"modified":"2024-03-21T16:01:54","modified_gmt":"2024-03-21T16:01:54","slug":"a-propos","status":"publish","type":"page","link":"https:\/\/luxerentals.ca\/fr\/a-propos\/","title":{"rendered":"\u00c0 propos"},"content":{"rendered":"<div class=\"wpb-content-wrapper\"><p>[vc_row css_animation=&#8221;&#8221; row_type=&#8221;row&#8221; use_row_as_full_screen_section=&#8221;no&#8221; type=&#8221;grid&#8221; angled_section=&#8221;no&#8221; text_align=&#8221;left&#8221; background_image_as_pattern=&#8221;without_pattern&#8221; padding_top=&#8221;50&#8243; padding_bottom=&#8221;50&#8243;][vc_column width=&#8221;5\/6&#8243;][vc_column_text]<\/p>\n<h1>Luxe Modern Rentals<\/h1>\n<p>&nbsp;<\/p>\n<h3>Mobilier D\u2019\u00e9v\u00e9nement &amp; Location De D\u00e9cor<\/h3>\n<p>&nbsp;<\/p>\n<p>Nous avons \u00e9t\u00e9 complices de soir\u00e9es exceptionnelles et avons eu la chance de collaborer sur des \u00e9v\u00e9nements partout aux \u00c9tats-Unis en allant jusqu\u2019\u00e0 Londres, en Angleterre.\u00a0LUXE a plus de 40 ans d\u2019exp\u00e9rience et \u00e7a se voit!<\/p>\n<p>&nbsp;<\/p>\n<p>Nous avons travaill\u00e9 sur des milliers de projets allant de petits kiosques de foires commerciales aux \u00e9v\u00e9nements les plus extravagants,\u00a0y compris les Jeux olympiques de 2010 \u00e0 Vancouver.\u00a0Chez LUXE, le contr\u00f4le de la qualit\u00e9 et le service \u00e0 la client\u00e8le nous distinguent de la concurrence.\u00a0On le sait puisque TOUT le monde le dit, pas vrai? Du moins, c\u2019est ce que nous d\u00e9sirons et nous esp\u00e9rons que nos clients puissent en dire autant, et ce, sans exception. Si nous ne r\u00e9pondons pas \u00e0 vos attentes, dites-nous le, car nous sommes l\u00e0 pour \u00e7a!<\/p>\n<p>&nbsp;<\/p>\n<p>L\u2019autre grande diff\u00e9rence dont vous b\u00e9n\u00e9ficiez en faisant affaire avec LUXE, rel\u00e8ve du fait que notre \u00e9quipe passionn\u00e9e et d\u00e9vou\u00e9e vous offrent un service tout inclus tout en vous assistant \u00e0 concevoir l\u2019\u00e9v\u00e9nement de vos r\u00eaves.\u00a0Nous sommes reconnaissants de toutes les ann\u00e9es o\u00f9 nous avons pu faire partie d\u2019une industrie aussi dynamique, en constante \u00e9volution et nous souhaitons continuer sur ce chemin. \u00a0\u00a0Notre exp\u00e9rience dans l\u2019industrie \u00e9v\u00e9nementielle vous guidera \u00e0 travers un \u00e9v\u00e9nement hors pair.<\/p>\n<p>&nbsp;<\/p>\n<p>Contactez-nous pour toute demande que vous ayez, grande ou petite soit-elle, il nous fera plaisir d\u2019y r\u00e9pondre![\/vc_column_text][\/vc_column][vc_column width=&#8221;1\/6&#8243;][vc_single_image image=&#8221;1076&#8243; alignment=&#8221;center&#8221; qode_css_animation=&#8221;&#8221;][vc_separator type=&#8221;normal&#8221;][vc_single_image image=&#8221;879&#8243; alignment=&#8221;center&#8221; qode_css_animation=&#8221;&#8221;][vc_separator type=&#8221;normal&#8221;][vc_single_image image=&#8221;858&#8243; alignment=&#8221;center&#8221; qode_css_animation=&#8221;&#8221;][\/vc_column][\/vc_row][vc_row row_type=&#8221;parallax&#8221; parallax_content_width=&#8221;full_width&#8221; anchor=&#8221;portfolio&#8221; text_align=&#8221;center&#8221; background_image=&#8221;2990&#8243; section_height=&#8221;500&#8243;][vc_column css=&#8221;.vc_custom_1459715133753{background-position: center !important;background-repeat: no-repeat !important;background-size: cover !important;}&#8221;][vc_separator type=&#8221;transparent&#8221; up=&#8221;108&#8243; down=&#8221;0&#8243;][vc_column_text]<img loading=\"lazy\" decoding=\"async\" class=\"alignnone size-medium wp-image-2992\" src=\"https:\/\/luxerentals.ca\/fr\/wp-content\/uploads\/2016\/04\/winner-300x225-300x225.png\" alt=\"winner-300x225\" width=\"300\" height=\"225\" \/>[\/vc_column_text][vc_separator type=&#8221;transparent&#8221; up=&#8221;6&#8243; down=&#8221;23&#8243;][\/vc_column][\/vc_row][vc_row css_animation=&#8221;element_from_fade&#8221; row_type=&#8221;row&#8221; use_row_as_full_screen_section=&#8221;no&#8221; type=&#8221;grid&#8221; angled_section=&#8221;no&#8221; text_align=&#8221;center&#8221; background_image_as_pattern=&#8221;without_pattern&#8221; background_color=&#8221;#444444&#8243; padding_top=&#8221;78&#8243; padding_bottom=&#8221;48&#8243;][vc_column][vc_column_text]<\/p>\n<h2 style=\"text-align: center;\"><span style=\"color: #e0e0e0;\">LA MEILLEURE S\u00c9LECTION DE MEUBLES \u00c0 MONTR\u00c9AL<\/span><\/h2>\n<p>[\/vc_column_text][vc_separator type=&#8221;transparent&#8221; up=&#8221;0&#8243; down=&#8221;10&#8243;][vc_column_text]<\/p>\n<h3 style=\"text-align: center;\"><span style=\"color: #ffffff;\"><em>&#8220;DES CONCEPTIONS &amp; FONCTIONNALIT\u00c9S ABSOLUMENT IMPRESSIONNANTES&#8221;<\/em><\/span><\/h3>\n<p>[\/vc_column_text][vc_separator type=&#8221;transparent&#8221; up=&#8221;59&#8243; down=&#8221;22&#8243;][vc_row_inner row_type=&#8221;row&#8221; type=&#8221;full_width&#8221; text_align=&#8221;left&#8221; css_animation=&#8221;&#8221;][vc_column_inner width=&#8221;1\/3&#8243;]<div class='q_icon_with_title tiny normal_icon left_from_title'><div class=\"icon_text_holder\" style=\"\"><div class=\"icon_text_inner\" style=\"\"><div class=\"icon_title_holder\"><div class=\"icon_holder q_icon_animation\" style=\" transition-delay: 100ms; -webkit-transition-delay: 100ms; -moz-transition-delay: 100ms; -o-transition-delay: 100ms;\"><span data-icon-type=\"normal\"   style=\"font-size: 25px;\" class=\"qode_iwt_icon_holder q_font_awsome_icon fa-lg \"><i class=\"qode_icon_font_awesome fa fa-trophy qode_iwt_icon_element\" style=\"color: #d2d2d2;\" ><\/i><\/span><\/div><h5 class=\"icon_title\" style=\"color: #e0e0e0;\">A PROPOS<\/h5><\/div><p style=''>Nous avons re\u00e7u le prix du \u201cBest Event Rental Company\u201d en 2016 par le Canadian Special Events. Luxe Rentals est un grand atout dans l\u2019industrie de la location d\u2019\u00e9v\u00e9nement.<\/p><\/div><\/div><\/div>[vc_separator type=&#8221;transparent&#8221; up=&#8221;19&#8243; down=&#8221;24&#8243;][\/vc_column_inner][vc_column_inner width=&#8221;1\/3&#8243;]<div class='q_icon_with_title tiny normal_icon left_from_title'><div class=\"icon_text_holder\" style=\"\"><div class=\"icon_text_inner\" style=\"\"><div class=\"icon_title_holder\"><div class=\"icon_holder q_icon_animation\" style=\" transition-delay: 100ms; -webkit-transition-delay: 100ms; -moz-transition-delay: 100ms; -o-transition-delay: 100ms;\"><span data-icon-type=\"normal\"   style=\"font-size: 25px;\" class=\"qode_iwt_icon_holder q_font_awsome_icon fa-lg \"><i class=\"qode_icon_font_awesome fa fa-calendar qode_iwt_icon_element\" style=\"color: #d2d2d2;\" ><\/i><\/span><\/div><h5 class=\"icon_title\" style=\"color: #e0e0e0;\">PROCHAINE SALLE D\u2019EXPOSITION<\/h5><\/div><p style=''>R\u00e9servez une visite pour assister \u00e0 notre toute nouvelle salle d\u2019exposition \u00e0 notre \u00e9tablissement de Montreal.<\/p><\/div><\/div><\/div>[vc_separator type=&#8221;transparent&#8221; up=&#8221;19&#8243; down=&#8221;24&#8243;][\/vc_column_inner][vc_column_inner width=&#8221;1\/3&#8243;]<div class='q_icon_with_title tiny normal_icon left_from_title'><div class=\"icon_text_holder\" style=\"\"><div class=\"icon_text_inner\" style=\"\"><div class=\"icon_title_holder\"><div class=\"icon_holder q_icon_animation\" style=\" transition-delay: 100ms; -webkit-transition-delay: 100ms; -moz-transition-delay: 100ms; -o-transition-delay: 100ms;\"><span data-icon-type=\"normal\"   style=\"font-size: 25px;\" class=\"qode_iwt_icon_holder q_font_awsome_icon fa-lg \"><i class=\"qode_icon_font_awesome fa fa-globe qode_iwt_icon_element\" style=\"color: #d2d2d2;\" ><\/i><\/span><\/div><h5 class=\"icon_title\" style=\"color: #e0e0e0;\">VOTRE \u00c9V\u00c9NEMENT. N\u2019IMPORTE O\u00d9<\/h5><\/div><p style=''>Luxe Rentals est enti\u00e8rement \u00e9quip\u00e9e pour transporter nos meubles et notre personnel sp\u00e9cialis\u00e9 sur tout le territoire nord-am\u00e9ricain.<\/p><\/div><\/div><\/div>[vc_separator type=&#8221;transparent&#8221; up=&#8221;19&#8243; down=&#8221;26&#8243;][\/vc_column_inner][\/vc_row_inner][vc_row_inner row_type=&#8221;row&#8221; type=&#8221;full_width&#8221; text_align=&#8221;left&#8221; css_animation=&#8221;&#8221;][vc_column_inner width=&#8221;1\/3&#8243;]<div class='q_icon_with_title tiny normal_icon left_from_title'><div class=\"icon_text_holder\" style=\"\"><div class=\"icon_text_inner\" style=\"\"><div class=\"icon_title_holder\"><div class=\"icon_holder q_icon_animation\" style=\" transition-delay: 100ms; -webkit-transition-delay: 100ms; -moz-transition-delay: 100ms; -o-transition-delay: 100ms;\"><span data-icon-type=\"normal\"   style=\"font-size: 25px;\" class=\"qode_iwt_icon_holder q_font_awsome_icon fa-lg \"><i class=\"qode_icon_font_awesome fa fa-hdd-o qode_iwt_icon_element\" style=\"color: #d2d2d2;\" ><\/i><\/span><\/div><h5 class=\"icon_title\" style=\"color: #e0e0e0;\">ENTI\u00c8REMENT PERSONNALISABLE<\/h5><\/div><p style=''>Notre grand choix de meubles modulaires est enti\u00e8rement personnalisable pour s\u2019adapter \u00e0 n\u2019importe quel espace de votre \u00e9v\u00e9nement.<\/p><\/div><\/div><\/div>[vc_separator type=&#8221;transparent&#8221; up=&#8221;19&#8243; down=&#8221;24&#8243;][\/vc_column_inner][vc_column_inner width=&#8221;1\/3&#8243;]<div class='q_icon_with_title tiny normal_icon left_from_title'><div class=\"icon_text_holder\" style=\"\"><div class=\"icon_text_inner\" style=\"\"><div class=\"icon_title_holder\"><div class=\"icon_holder q_icon_animation\" style=\" transition-delay: 100ms; -webkit-transition-delay: 100ms; -moz-transition-delay: 100ms; -o-transition-delay: 100ms;\"><span data-icon-type=\"normal\"   style=\"font-size: 25px;\" class=\"qode_iwt_icon_holder q_font_awsome_icon fa-lg \"><i class=\"qode_icon_font_awesome fa fa-pencil qode_iwt_icon_element\" style=\"color: #d2d2d2;\" ><\/i><\/span><\/div><h5 class=\"icon_title\" style=\"color: #e0e0e0;\">IMAGE DE MARQUE<\/h5><\/div><p style=''>\u00c9quip\u00e9 d\u2019un studio d\u2019impression, nous sommes en mesure d\u2019offrir un large \u00e9ventail d\u2019opportunit\u00e9s de marque \u00e0 votre \u00e9v\u00e9nement.<\/p><\/div><\/div><\/div>[vc_separator type=&#8221;transparent&#8221; up=&#8221;19&#8243; down=&#8221;24&#8243;][\/vc_column_inner][vc_column_inner width=&#8221;1\/3&#8243;]<div class='q_icon_with_title tiny normal_icon left_from_title'><div class=\"icon_text_holder\" style=\"\"><div class=\"icon_text_inner\" style=\"\"><div class=\"icon_title_holder\"><div class=\"icon_holder q_icon_animation\" style=\" transition-delay: 100ms; -webkit-transition-delay: 100ms; -moz-transition-delay: 100ms; -o-transition-delay: 100ms;\"><span data-icon-type=\"normal\"   style=\"font-size: 25px;\" class=\"qode_iwt_icon_holder q_font_awsome_icon fa-lg \"><i class=\"qode_icon_font_awesome fa fa-envelope qode_iwt_icon_element\" style=\"color: #d2d2d2;\" ><\/i><\/span><\/div><h5 class=\"icon_title\" style=\"color: #e0e0e0;\">APPELEZ-NOUS AUJOURD\u2019HUI<\/h5><\/div><p style=''>Appelez aujourd\u2019hui et discuter avec l\u2019un de nos planificateurs d\u2019\u00e9v\u00e9nement hautement qualifi\u00e9.<\/p><\/div><\/div><\/div>[vc_separator type=&#8221;transparent&#8221; up=&#8221;19&#8243; down=&#8221;26&#8243;][\/vc_column_inner][\/vc_row_inner][\/vc_column][\/vc_row]<\/p>\n<\/div>","protected":false},"excerpt":{"rendered":"<p>[vc_row css_animation=&#8221;&#8221; row_type=&#8221;row&#8221; use_row_as_full_screen_section=&#8221;no&#8221; type=&#8221;grid&#8221; angled_section=&#8221;no&#8221; text_align=&#8221;left&#8221; background_image_as_pattern=&#8221;without_pattern&#8221; padding_top=&#8221;50&#8243; padding_bottom=&#8221;50&#8243;][vc_column width=&#8221;5\/6&#8243;][vc_column_text] Luxe Modern Rentals &nbsp; Mobilier D\u2019\u00e9v\u00e9nement &amp; Location De D\u00e9cor &nbsp; Nous avons \u00e9t\u00e9 complices de soir\u00e9es exceptionnelles et avons eu la chance de collaborer sur des \u00e9v\u00e9nements partout aux \u00c9tats-Unis en allant jusqu\u2019\u00e0&#8230;<\/p>\n","protected":false},"author":4,"featured_media":0,"parent":0,"menu_order":0,"comment_status":"closed","ping_status":"closed","template":"full_width.php","meta":{"footnotes":""},"class_list":["post-598","page","type-page","status-publish","hentry"],"yoast_head":"<!-- This site is optimized with the Yoast SEO plugin v25.3 - https:\/\/yoast.com\/wordpress\/plugins\/seo\/ -->\n<title>\u00c0 propos | Luxe Rentals<\/title>\n<meta name=\"robots\" content=\"index, follow, max-snippet:-1, max-image-preview:large, max-video-preview:-1\" \/>\n<link rel=\"canonical\" href=\"https:\/\/luxerentals.ca\/fr\/a-propos\/\" \/>\n<meta property=\"og:locale\" content=\"en_US\" \/>\n<meta property=\"og:type\" content=\"article\" \/>\n<meta property=\"og:title\" content=\"\u00c0 propos | Luxe Rentals\" \/>\n<meta property=\"og:description\" content=\"[vc_row css_animation=&#8221;&#8221; row_type=&#8221;row&#8221; use_row_as_full_screen_section=&#8221;no&#8221; type=&#8221;grid&#8221; angled_section=&#8221;no&#8221; text_align=&#8221;left&#8221; background_image_as_pattern=&#8221;without_pattern&#8221; padding_top=&#8221;50&#8243; padding_bottom=&#8221;50&#8243;][vc_column width=&#8221;5\/6&#8243;][vc_column_text] Luxe Modern Rentals &nbsp; Mobilier D\u2019\u00e9v\u00e9nement &amp; Location De D\u00e9cor &nbsp; Nous avons \u00e9t\u00e9 complices de soir\u00e9es exceptionnelles et avons eu la chance de collaborer sur des \u00e9v\u00e9nements partout aux \u00c9tats-Unis en allant jusqu\u2019\u00e0...\" \/>\n<meta property=\"og:url\" content=\"https:\/\/luxerentals.ca\/fr\/a-propos\/\" \/>\n<meta property=\"og:site_name\" content=\"Luxe Rentals\" \/>\n<meta property=\"article:publisher\" content=\"https:\/\/www.facebook.com\/luxerentals\/\" \/>\n<meta property=\"article:modified_time\" content=\"2024-03-21T16:01:54+00:00\" \/>\n<meta property=\"og:image\" content=\"https:\/\/luxerentals.ca\/fr\/wp-content\/uploads\/2016\/04\/winner-300x225-300x225.png\" \/>\n<meta name=\"twitter:card\" content=\"summary_large_image\" \/>\n<meta name=\"twitter:site\" content=\"@luxetoronto\" \/>\n<meta name=\"twitter:label1\" content=\"Est. reading time\" \/>\n\t<meta name=\"twitter:data1\" content=\"3 minutes\" \/>\n<script type=\"application\/ld+json\" class=\"yoast-schema-graph\">{\"@context\":\"https:\/\/schema.org\",\"@graph\":[{\"@type\":\"WebPage\",\"@id\":\"https:\/\/luxerentals.ca\/fr\/a-propos\/\",\"url\":\"https:\/\/luxerentals.ca\/fr\/a-propos\/\",\"name\":\"\u00c0 propos | Luxe Rentals\",\"isPartOf\":{\"@id\":\"https:\/\/luxerentals.ca\/fr\/#website\"},\"primaryImageOfPage\":{\"@id\":\"https:\/\/luxerentals.ca\/fr\/a-propos\/#primaryimage\"},\"image\":{\"@id\":\"https:\/\/luxerentals.ca\/fr\/a-propos\/#primaryimage\"},\"thumbnailUrl\":\"https:\/\/luxerentals.ca\/fr\/wp-content\/uploads\/2016\/04\/winner-300x225-300x225.png\",\"datePublished\":\"2016-04-04T11:28:56+00:00\",\"dateModified\":\"2024-03-21T16:01:54+00:00\",\"breadcrumb\":{\"@id\":\"https:\/\/luxerentals.ca\/fr\/a-propos\/#breadcrumb\"},\"inLanguage\":\"en-US\",\"potentialAction\":[{\"@type\":\"ReadAction\",\"target\":[\"https:\/\/luxerentals.ca\/fr\/a-propos\/\"]}]},{\"@type\":\"ImageObject\",\"inLanguage\":\"en-US\",\"@id\":\"https:\/\/luxerentals.ca\/fr\/a-propos\/#primaryimage\",\"url\":\"https:\/\/luxerentals.ca\/fr\/wp-content\/uploads\/2016\/04\/winner-300x225-300x225.png\",\"contentUrl\":\"https:\/\/luxerentals.ca\/fr\/wp-content\/uploads\/2016\/04\/winner-300x225-300x225.png\"},{\"@type\":\"BreadcrumbList\",\"@id\":\"https:\/\/luxerentals.ca\/fr\/a-propos\/#breadcrumb\",\"itemListElement\":[{\"@type\":\"ListItem\",\"position\":1,\"name\":\"Home\",\"item\":\"https:\/\/luxerentals.ca\/fr\/\"},{\"@type\":\"ListItem\",\"position\":2,\"name\":\"\u00c0 propos\"}]},{\"@type\":\"WebSite\",\"@id\":\"https:\/\/luxerentals.ca\/fr\/#website\",\"url\":\"https:\/\/luxerentals.ca\/fr\/\",\"name\":\"Luxe Rentals\",\"description\":\"LOCATION DE MOBILIERS ET D\u00c9CORATIONS POUR \u00c9V\u00c9NEMENTS \u00c0 MONTR\u00c9AL\",\"potentialAction\":[{\"@type\":\"SearchAction\",\"target\":{\"@type\":\"EntryPoint\",\"urlTemplate\":\"https:\/\/luxerentals.ca\/fr\/?s={search_term_string}\"},\"query-input\":{\"@type\":\"PropertyValueSpecification\",\"valueRequired\":true,\"valueName\":\"search_term_string\"}}],\"inLanguage\":\"en-US\"}]}<\/script>\n<!-- \/ Yoast SEO plugin. -->","yoast_head_json":{"title":"\u00c0 propos | Luxe Rentals","robots":{"index":"index","follow":"follow","max-snippet":"max-snippet:-1","max-image-preview":"max-image-preview:large","max-video-preview":"max-video-preview:-1"},"canonical":"https:\/\/luxerentals.ca\/fr\/a-propos\/","og_locale":"en_US","og_type":"article","og_title":"\u00c0 propos | Luxe Rentals","og_description":"[vc_row css_animation=&#8221;&#8221; row_type=&#8221;row&#8221; use_row_as_full_screen_section=&#8221;no&#8221; type=&#8221;grid&#8221; angled_section=&#8221;no&#8221; text_align=&#8221;left&#8221; background_image_as_pattern=&#8221;without_pattern&#8221; padding_top=&#8221;50&#8243; padding_bottom=&#8221;50&#8243;][vc_column width=&#8221;5\/6&#8243;][vc_column_text] Luxe Modern Rentals &nbsp; Mobilier D\u2019\u00e9v\u00e9nement &amp; Location De D\u00e9cor &nbsp; Nous avons \u00e9t\u00e9 complices de soir\u00e9es exceptionnelles et avons eu la chance de collaborer sur des \u00e9v\u00e9nements partout aux \u00c9tats-Unis en allant jusqu\u2019\u00e0...","og_url":"https:\/\/luxerentals.ca\/fr\/a-propos\/","og_site_name":"Luxe Rentals","article_publisher":"https:\/\/www.facebook.com\/luxerentals\/","article_modified_time":"2024-03-21T16:01:54+00:00","og_image":[{"url":"https:\/\/luxerentals.ca\/fr\/wp-content\/uploads\/2016\/04\/winner-300x225-300x225.png","type":"","width":"","height":""}],"twitter_card":"summary_large_image","twitter_site":"@luxetoronto","twitter_misc":{"Est. reading time":"3 minutes"},"schema":{"@context":"https:\/\/schema.org","@graph":[{"@type":"WebPage","@id":"https:\/\/luxerentals.ca\/fr\/a-propos\/","url":"https:\/\/luxerentals.ca\/fr\/a-propos\/","name":"\u00c0 propos | Luxe Rentals","isPartOf":{"@id":"https:\/\/luxerentals.ca\/fr\/#website"},"primaryImageOfPage":{"@id":"https:\/\/luxerentals.ca\/fr\/a-propos\/#primaryimage"},"image":{"@id":"https:\/\/luxerentals.ca\/fr\/a-propos\/#primaryimage"},"thumbnailUrl":"https:\/\/luxerentals.ca\/fr\/wp-content\/uploads\/2016\/04\/winner-300x225-300x225.png","datePublished":"2016-04-04T11:28:56+00:00","dateModified":"2024-03-21T16:01:54+00:00","breadcrumb":{"@id":"https:\/\/luxerentals.ca\/fr\/a-propos\/#breadcrumb"},"inLanguage":"en-US","potentialAction":[{"@type":"ReadAction","target":["https:\/\/luxerentals.ca\/fr\/a-propos\/"]}]},{"@type":"ImageObject","inLanguage":"en-US","@id":"https:\/\/luxerentals.ca\/fr\/a-propos\/#primaryimage","url":"https:\/\/luxerentals.ca\/fr\/wp-content\/uploads\/2016\/04\/winner-300x225-300x225.png","contentUrl":"https:\/\/luxerentals.ca\/fr\/wp-content\/uploads\/2016\/04\/winner-300x225-300x225.png"},{"@type":"BreadcrumbList","@id":"https:\/\/luxerentals.ca\/fr\/a-propos\/#breadcrumb","itemListElement":[{"@type":"ListItem","position":1,"name":"Home","item":"https:\/\/luxerentals.ca\/fr\/"},{"@type":"ListItem","position":2,"name":"\u00c0 propos"}]},{"@type":"WebSite","@id":"https:\/\/luxerentals.ca\/fr\/#website","url":"https:\/\/luxerentals.ca\/fr\/","name":"Luxe Rentals","description":"LOCATION DE MOBILIERS ET D\u00c9CORATIONS POUR \u00c9V\u00c9NEMENTS \u00c0 MONTR\u00c9AL","potentialAction":[{"@type":"SearchAction","target":{"@type":"EntryPoint","urlTemplate":"https:\/\/luxerentals.ca\/fr\/?s={search_term_string}"},"query-input":{"@type":"PropertyValueSpecification","valueRequired":true,"valueName":"search_term_string"}}],"inLanguage":"en-US"}]}},"_links":{"self":[{"href":"https:\/\/luxerentals.ca\/fr\/wp-json\/wp\/v2\/pages\/598","targetHints":{"allow":["GET"]}}],"collection":[{"href":"https:\/\/luxerentals.ca\/fr\/wp-json\/wp\/v2\/pages"}],"about":[{"href":"https:\/\/luxerentals.ca\/fr\/wp-json\/wp\/v2\/types\/page"}],"author":[{"embeddable":true,"href":"https:\/\/luxerentals.ca\/fr\/wp-json\/wp\/v2\/users\/4"}],"replies":[{"embeddable":true,"href":"https:\/\/luxerentals.ca\/fr\/wp-json\/wp\/v2\/comments?post=598"}],"version-history":[{"count":0,"href":"https:\/\/luxerentals.ca\/fr\/wp-json\/wp\/v2\/pages\/598\/revisions"}],"wp:attachment":[{"href":"https:\/\/luxerentals.ca\/fr\/wp-json\/wp\/v2\/media?parent=598"}],"curies":[{"name":"wp","href":"https:\/\/api.w.org\/{rel}","templated":true}]}}