{"id":601,"date":"2016-04-04T11:30:02","date_gmt":"2016-04-04T11:30:02","guid":{"rendered":"http:\/\/www.luxerentals.net\/?page_id=601"},"modified":"2024-03-22T15:22:07","modified_gmt":"2024-03-22T15:22:07","slug":"conception","status":"publish","type":"page","link":"https:\/\/luxerentals.ca\/fr\/conception\/","title":{"rendered":"Conception"},"content":{"rendered":"<div class=\"wpb-content-wrapper\"><p>[vc_row css_animation=&#8221;&#8221; row_type=&#8221;row&#8221; use_row_as_full_screen_section=&#8221;no&#8221; type=&#8221;full_width&#8221; anchor=&#8221;eventdesign&#8221; angled_section=&#8221;no&#8221; text_align=&#8221;center&#8221; background_image_as_pattern=&#8221;without_pattern&#8221; background_color=&#8221;#f2f2f2&#8243; padding_top=&#8221;100&#8243; padding_bottom=&#8221;100&#8243; el_id=&#8221;eventdesign&#8221;][vc_column][vc_column_text]<\/p>\n<h1>CONCEPTION D\u2019\u00c9V\u00c9NEMENTS<\/h1>\n<p>[\/vc_column_text][\/vc_column][\/vc_row][vc_row css_animation=&#8221;&#8221; row_type=&#8221;row&#8221; use_row_as_full_screen_section=&#8221;no&#8221; type=&#8221;grid&#8221; angled_section=&#8221;no&#8221; text_align=&#8221;left&#8221; background_image_as_pattern=&#8221;without_pattern&#8221; padding_top=&#8221;50&#8243; padding_bottom=&#8221;50&#8243;][vc_column][vc_row_inner row_type=&#8221;row&#8221; type=&#8221;full_width&#8221; text_align=&#8221;left&#8221; css_animation=&#8221;&#8221;][vc_column_inner width=&#8221;1\/3&#8243;][vc_column_text]<\/p>\n<h4>Conception D\u2019\u00e9v\u00e9nement<\/h4>\n<p>[\/vc_column_text][vc_separator type=&#8221;normal&#8221;][vc_column_text]Chez LUXE Rentals, notre personnel cr\u00e9atif vous aidera \u00e0 choisir les meilleurs meubles pour votre \u00e9v\u00e9nement. De plus, notre \u00e9quipe vous assistera dans la planification et la conception de l\u2019espace \u00e0 am\u00e9nager gr\u00e2ce \u00e0 des rendus r\u00e9alistes 3D.<\/p>\n<h4><\/h4>\n<p>[\/vc_column_text][\/vc_column_inner][vc_column_inner width=&#8221;1\/3&#8243;][vc_column_text]<\/p>\n<h4>\u00a0Pourquoi est-ce important ?<\/h4>\n<p>[\/vc_column_text][vc_separator type=&#8221;normal&#8221;][vc_column_text]La plupart de nos clients sont visuels et lorsqu\u2019un client d\u00e9sire voir ce qui est possible, il est beaucoup plus facile d\u2019entreprendre les \u00e9tapes suivantes. C\u2019est d\u2019autant plus important, car cela d\u00e9montre \u00e9galement le niveau de qualit\u00e9 que nous offrons, chose qui est requise pour toute r\u00e9alisation d\u2019\u00e9v\u00e9nement.[\/vc_column_text][\/vc_column_inner][vc_column_inner width=&#8221;1\/3&#8243;][vc_column_text]<\/p>\n<h4>Notre objectif<\/h4>\n<p>[\/vc_column_text][vc_separator type=&#8221;normal&#8221;][vc_column_text]Nous visons \u00e0 rendre ce processus sans faille et le plus confortable possible. Une fois que nous vous avons rencontr\u00e9s, nous \u00ab\u00a0attaquons\u00a0\u00bb la cr\u00e9ation du plan. Ensuite, c\u2019est \u00e0 vous d\u2019approuver et de nous joindre afin de concr\u00e9tiser votre plan.<\/p>\n<p>Contactez-nous pour toute demande que vous aillez, grande ou petite soit-elle, il nous fera plaisir d\u2019y r\u00e9pondre ! [\/vc_column_text][\/vc_column_inner][\/vc_row_inner][\/vc_column][\/vc_row][vc_row css_animation=&#8221;&#8221; row_type=&#8221;row&#8221; use_row_as_full_screen_section=&#8221;no&#8221; type=&#8221;full_width&#8221; anchor=&#8221;3d&#8221; angled_section=&#8221;no&#8221; text_align=&#8221;center&#8221; background_image_as_pattern=&#8221;without_pattern&#8221; background_color=&#8221;#f2f2f2&#8243; padding_top=&#8221;100&#8243; padding_bottom=&#8221;100&#8243; el_id=&#8221;3d&#8221;][vc_column][vc_column_text]<\/p>\n<h2>CONCEPTION D\u2019\u00c9V\u00c9NEMENTS 3D<\/h2>\n<p><em>Conception graphique \u00e0 l\u2019interne et plans d\u2019\u00e9v\u00e9nements 3D.<\/em>[\/vc_column_text][\/vc_column][\/vc_row][vc_row css_animation=&#8221;&#8221; row_type=&#8221;row&#8221; use_row_as_full_screen_section=&#8221;no&#8221; type=&#8221;grid&#8221; angled_section=&#8221;no&#8221; text_align=&#8221;left&#8221; background_image_as_pattern=&#8221;without_pattern&#8221; padding_top=&#8221;50&#8243; padding_bottom=&#8221;50&#8243;][vc_column][vc_row_inner row_type=&#8221;row&#8221; type=&#8221;full_width&#8221; text_align=&#8221;left&#8221; css_animation=&#8221;&#8221;][vc_column_inner width=&#8221;1\/3&#8243;][vc_column_text]<\/p>\n<h4>Service de conception d\u2019\u00e9v\u00e9nements<\/h4>\n<p>[\/vc_column_text][vc_separator type=&#8221;normal&#8221;][vc_column_text]<\/p>\n<ul>\n<li>Plan de salle personnalis\u00e9\u00a0pour toutes salle d&#8217;\u00e9v\u00e9nement.<\/li>\n<li>Nos professionnelles de l&#8217;industrie\u00a0\u00e9v\u00e9nementiel seront complices de vos \u00e9v\u00e9nements.<\/li>\n<li>Des repr\u00e9sentations-photos r\u00e9alistes d\u2019\u00e9v\u00e9nements.<\/li>\n<li>Renseignez-vous aupr\u00e8s de votre repr\u00e9sentant commercial au sujet de nos services gratuits de conception d\u2019\u00e9v\u00e9nements.<\/li>\n<\/ul>\n<p>[\/vc_column_text][\/vc_column_inner][vc_column_inner width=&#8221;1\/3&#8243;][vc_column_text]<\/p>\n<h4>Services de conception graphique<\/h4>\n<p>[\/vc_column_text][vc_separator type=&#8221;normal&#8221;][vc_column_text]<\/p>\n<ul>\n<li>Conception monogramme<\/li>\n<li>Mat\u00e9riel promotionnel<\/li>\n<li>R\u00e9p\u00e9titions par \u00e9tapes et arri\u00e8re-plans<\/li>\n<li>Retouche photo<\/li>\n<\/ul>\n<p>[\/vc_column_text][\/vc_column_inner][vc_column_inner width=&#8221;1\/3&#8243;][vc_column_text]<\/p>\n<h4>Rendus<\/h4>\n<p>[\/vc_column_text][vc_separator type=&#8221;normal&#8221;][vc_gallery interval=&#8221;3&#8243; images=&#8221;2320,2322,2333,2321,2323,2324,2325,2326,2327,2319,2328,2329,2330,2331,2332&#8243; img_size=&#8221;800&#215;600&#8243; onclick=&#8221;&#8221;][\/vc_column_inner][\/vc_row_inner][\/vc_column][\/vc_row][vc_row css_animation=&#8221;&#8221; row_type=&#8221;row&#8221; use_row_as_full_screen_section=&#8221;no&#8221; type=&#8221;full_width&#8221; anchor=&#8221;branding&#8221; angled_section=&#8221;no&#8221; text_align=&#8221;center&#8221; background_image_as_pattern=&#8221;without_pattern&#8221; background_color=&#8221;#f2f2f2&#8243; padding_top=&#8221;100&#8243; padding_bottom=&#8221;100&#8243; el_id=&#8221;branding&#8221;][vc_column][vc_column_text]<\/p>\n<h2>OPTIONS DE MARQUE<\/h2>\n<p>[\/vc_column_text][\/vc_column][\/vc_row][vc_row css_animation=&#8221;&#8221; row_type=&#8221;row&#8221; use_row_as_full_screen_section=&#8221;no&#8221; type=&#8221;full_width&#8221; angled_section=&#8221;no&#8221; text_align=&#8221;left&#8221; background_image_as_pattern=&#8221;without_pattern&#8221;][vc_column css_animation=&#8221;fadeIn&#8221;][vc_single_image image=&#8221;3737&#8243; img_size=&#8221;full&#8221; alignment=&#8221;center&#8221; qode_css_animation=&#8221;&#8221;][\/vc_column][\/vc_row][vc_row css_animation=&#8221;&#8221; row_type=&#8221;row&#8221; use_row_as_full_screen_section=&#8221;no&#8221; type=&#8221;grid&#8221; angled_section=&#8221;no&#8221; text_align=&#8221;left&#8221; background_image_as_pattern=&#8221;without_pattern&#8221;][vc_column][vc_row_inner row_type=&#8221;row&#8221; type=&#8221;grid&#8221; text_align=&#8221;left&#8221; padding_top=&#8221;50&#8243; padding_bottom=&#8221;50&#8243; css_animation=&#8221;&#8221;][vc_column_inner width=&#8221;1\/4&#8243;][vc_column_text]<\/p>\n<h4>Pourquoi est-ce important\u00a0?<\/h4>\n<p>[\/vc_column_text][vc_separator type=&#8221;normal&#8221;][vc_column_text]La fabrication de marque est l\u2019un des aspects les plus importants \u00e0 consid\u00e9rer lors de la planification de votre \u00e9v\u00e9nement. Dot\u00e9s d\u2019une imprimante, nous sommes capables d\u2019offrir des possibilit\u00e9s de marque sans limite avec nos meubles.[\/vc_column_text][\/vc_column_inner][vc_column_inner width=&#8221;1\/4&#8243;][vc_column_text]<\/p>\n<h4>Ce que vous pouvez faire<\/h4>\n<p>[\/vc_column_text][vc_separator type=&#8221;normal&#8221;][vc_column_text]<\/p>\n<ul>\n<li>Couverture int\u00e9grale des graphiques<\/li>\n<li>Coupe vinyle monogramme<\/li>\n<li>Salon commercial<\/li>\n<li>Nuancier Pantone<\/li>\n<\/ul>\n<p>[\/vc_column_text][vc_column_text]<\/p>\n<ul>\n<li>Salons de marque<\/li>\n<li>Tables personnalis\u00e9es<\/li>\n<li>Colonnes de lumi\u00e8res personnalis\u00e9es<\/li>\n<li>Affichage num\u00e9rique<\/li>\n<\/ul>\n<p>[\/vc_column_text][\/vc_column_inner][vc_column_inner width=&#8221;1\/4&#8243;][vc_column_text]<\/p>\n<h4>Options De Marques<\/h4>\n<p>[\/vc_column_text][vc_separator type=&#8221;normal&#8221;][vc_column_text]<\/p>\n<ul>\n<li>Pistes de dance personnalis\u00e9es<\/li>\n<li>\u00c9clairage personnalis\u00e9<\/li>\n<li>Bars personnalis\u00e9s<\/li>\n<li>Photos de mariage<\/li>\n<\/ul>\n<p>[\/vc_column_text][vc_column_text]<\/p>\n<ul>\n<li>Oreillers personnalis\u00e9s<\/li>\n<li>Invitations &amp; Cartes de table<\/li>\n<li>R\u00e9p\u00e9tition par \u00e9tapes et arri\u00e8re-plans<\/li>\n<li>Cabine photo personnalis\u00e9e<\/li>\n<\/ul>\n<p>[\/vc_column_text][\/vc_column_inner][vc_column_inner width=&#8221;1\/4&#8243;][vc_column_text]<\/p>\n<h4>Galerie De Marque<\/h4>\n<p>[\/vc_column_text][vc_separator type=&#8221;normal&#8221;][vc_gallery interval=&#8221;3&#8243; images=&#8221;2339,2340,2341,2342,2343,2344,2345,2346,2347&#8243; img_size=&#8221;800&#215;600&#8243; onclick=&#8221;&#8221;][\/vc_column_inner][\/vc_row_inner][\/vc_column][\/vc_row][vc_row css_animation=&#8221;&#8221; row_type=&#8221;row&#8221; use_row_as_full_screen_section=&#8221;no&#8221; type=&#8221;full_width&#8221; anchor=&#8221;eventdesign&#8221; angled_section=&#8221;no&#8221; text_align=&#8221;center&#8221; background_image_as_pattern=&#8221;without_pattern&#8221; background_color=&#8221;#f2f2f2&#8243; padding_top=&#8221;100&#8243; padding_bottom=&#8221;100&#8243;][vc_column][vc_column_text]<\/p>\n<h2>SOUMETTRE UN DOCUMENT<\/h2>\n<p>[\/vc_column_text][\/vc_column][\/vc_row][vc_row css_animation=&#8221;&#8221; row_type=&#8221;row&#8221; use_row_as_full_screen_section=&#8221;no&#8221; type=&#8221;grid&#8221; anchor=&#8221;submitafile&#8221; angled_section=&#8221;no&#8221; text_align=&#8221;left&#8221; background_image_as_pattern=&#8221;without_pattern&#8221; padding_top=&#8221;100&#8243; padding_bottom=&#8221;100&#8243; el_id=&#8221;submitafile&#8221;][vc_column][vc_row_inner row_type=&#8221;row&#8221; type=&#8221;full_width&#8221; text_align=&#8221;left&#8221; background_color=&#8221;#e8e8e8&#8243; css_animation=&#8221;&#8221;][vc_column_inner][vc_column_text]\n<div class=\"wpcf7 no-js\" id=\"wpcf7-f775-o1\" lang=\"en-US\" dir=\"ltr\" data-wpcf7-id=\"775\">\n<div class=\"screen-reader-response\"><p role=\"status\" aria-live=\"polite\" aria-atomic=\"true\"><\/p> <ul><\/ul><\/div>\n<form action=\"\/fr\/wp-json\/wp\/v2\/pages\/601#wpcf7-f775-o1\" method=\"post\" class=\"wpcf7-form init\" aria-label=\"Contact form\" enctype=\"multipart\/form-data\" novalidate=\"novalidate\" data-status=\"init\">\n<div style=\"display: none;\">\n<input type=\"hidden\" name=\"_wpcf7\" value=\"775\" \/>\n<input type=\"hidden\" name=\"_wpcf7_version\" value=\"6.0.6\" \/>\n<input type=\"hidden\" name=\"_wpcf7_locale\" value=\"en_US\" \/>\n<input type=\"hidden\" name=\"_wpcf7_unit_tag\" value=\"wpcf7-f775-o1\" \/>\n<input type=\"hidden\" name=\"_wpcf7_container_post\" value=\"0\" \/>\n<input type=\"hidden\" name=\"_wpcf7_posted_data_hash\" value=\"\" \/>\n<\/div>\n<table width=\"100%\">\n\t<tr>\n\t\t<td>\n\t\t\t<h5>COORDONN\u00c9ES\n\t\t\t<\/h5>\n\t\t\t<p>Nom (requis): <span class=\"wpcf7-form-control-wrap\" data-name=\"g-your-name\"><input size=\"40\" maxlength=\"400\" class=\"wpcf7-form-control wpcf7-text wpcf7-validates-as-required\" aria-required=\"true\" aria-invalid=\"false\" value=\"\" type=\"text\" name=\"g-your-name\" \/><\/span><br \/>\nCourriel (requis): <span class=\"wpcf7-form-control-wrap\" data-name=\"g-your-email\"><input size=\"40\" maxlength=\"400\" class=\"wpcf7-form-control wpcf7-email wpcf7-validates-as-required wpcf7-text wpcf7-validates-as-email\" aria-required=\"true\" aria-invalid=\"false\" value=\"\" type=\"email\" name=\"g-your-email\" \/><\/span><br \/>\nNum\u00e9ro de t\u00e9l\u00e9phone: <span class=\"wpcf7-form-control-wrap\" data-name=\"g-your-number\"><input size=\"40\" maxlength=\"400\" class=\"wpcf7-form-control wpcf7-tel wpcf7-validates-as-required wpcf7-text wpcf7-validates-as-tel\" aria-required=\"true\" aria-invalid=\"false\" value=\"\" type=\"tel\" name=\"g-your-number\" \/><\/span>\n\t\t\t<\/p>\n\t\t\t<h5>Additional Information\n\t\t\t<\/h5>\n\t\t\t<p>Please include any special instructions below: <span class=\"wpcf7-form-control-wrap\" data-name=\"g-your-message\"><textarea cols=\"40\" rows=\"10\" maxlength=\"2000\" class=\"wpcf7-form-control wpcf7-textarea\" aria-invalid=\"false\" name=\"g-your-message\"><\/textarea><\/span>\n\t\t\t<\/p>\n\t\t<\/td>\n\t\t<td>\n\t\t\t<h5>RENSEIGNEMENTS DU DOCUMENT\n\t\t\t<\/h5>\n\t\t\t<p>Num\u00e9ro de projet: <span class=\"wpcf7-form-control-wrap\" data-name=\"g-job-numb\"><input size=\"40\" maxlength=\"400\" class=\"wpcf7-form-control wpcf7-text\" aria-invalid=\"false\" value=\"\" type=\"text\" name=\"g-job-numb\" \/><\/span><br \/>\nType de Graphique\u00a0: <span class=\"wpcf7-form-control-wrap\" data-name=\"g-graphic-type\"><select class=\"wpcf7-form-control wpcf7-select\" aria-invalid=\"false\" name=\"g-graphic-type\"><option value=\"Couverture Compl\u00e8te\">Couverture Compl\u00e8te<\/option><option value=\"Coupe Vynile\">Coupe Vynile<\/option><option value=\"M\u00e9dia Digital\">M\u00e9dia Digital<\/option><\/select><\/span><br \/>\nJ\u2019ai besoin d\u2019une preuve num\u00e9rique: <span class=\"wpcf7-form-control-wrap\" data-name=\"proof-yn\"><span class=\"wpcf7-form-control wpcf7-radio\"><span class=\"wpcf7-list-item first\"><input type=\"radio\" name=\"proof-yn\" value=\"Oui\" checked=\"checked\" \/><span class=\"wpcf7-list-item-label\">Oui<\/span><\/span><span class=\"wpcf7-list-item last\"><input type=\"radio\" name=\"proof-yn\" value=\"Non\" \/><span class=\"wpcf7-list-item-label\">Non<\/span><\/span><\/span><\/span><br \/>\nT\u00e9l\u00e9charger pdf | jpg | jpeg | eps | ai | psd : <span class=\"wpcf7-form-control-wrap\" data-name=\"g-graphic-upload\"><input size=\"40\" class=\"wpcf7-form-control wpcf7-file wpcf7-validates-as-required\" id=\"img-display\" accept=\".pdf,.jpg,.jpeg,.eps,.ai,.psd\" aria-required=\"true\" aria-invalid=\"false\" type=\"file\" name=\"g-graphic-upload\" \/><\/span><br \/>\n<a class=\"img-display1\">Importer un document<\/a><br \/>\n<input class=\"wpcf7-form-control wpcf7-submit has-spinner\" type=\"submit\" value=\"T\u00e9l\u00e9charger\" \/>\n\t\t\t<\/p>\n\t\t\t<p>Note: Si vous rencontrez des probl\u00e8mes lors du t\u00e9l\u00e9chargement de votre fichier, contactez votre vendeur pour obtenir d\u2019autres options.\n\t\t\t<\/p>\n\t\t<\/td>\n\t<\/tr>\n<\/table><div class=\"wpcf7-response-output\" aria-hidden=\"true\"><\/div>\n<\/form>\n<\/div>\n[\/vc_column_text][\/vc_column_inner][\/vc_row_inner][vc_separator type=&#8221;normal&#8221;][\/vc_column][\/vc_row]<\/p>\n<\/div>","protected":false},"excerpt":{"rendered":"<p>[vc_row css_animation=&#8221;&#8221; row_type=&#8221;row&#8221; use_row_as_full_screen_section=&#8221;no&#8221; type=&#8221;full_width&#8221; anchor=&#8221;eventdesign&#8221; angled_section=&#8221;no&#8221; text_align=&#8221;center&#8221; background_image_as_pattern=&#8221;without_pattern&#8221; background_color=&#8221;#f2f2f2&#8243; padding_top=&#8221;100&#8243; padding_bottom=&#8221;100&#8243; el_id=&#8221;eventdesign&#8221;][vc_column][vc_column_text] CONCEPTION D\u2019\u00c9V\u00c9NEMENTS [\/vc_column_text][\/vc_column][\/vc_row][vc_row css_animation=&#8221;&#8221; row_type=&#8221;row&#8221; use_row_as_full_screen_section=&#8221;no&#8221; type=&#8221;grid&#8221; angled_section=&#8221;no&#8221; text_align=&#8221;left&#8221; background_image_as_pattern=&#8221;without_pattern&#8221; padding_top=&#8221;50&#8243; padding_bottom=&#8221;50&#8243;][vc_column][vc_row_inner row_type=&#8221;row&#8221; type=&#8221;full_width&#8221; text_align=&#8221;left&#8221; css_animation=&#8221;&#8221;][vc_column_inner width=&#8221;1\/3&#8243;][vc_column_text] Conception D\u2019\u00e9v\u00e9nement [\/vc_column_text][vc_separator type=&#8221;normal&#8221;][vc_column_text]Chez LUXE Rentals, notre personnel cr\u00e9atif vous aidera \u00e0 choisir les meilleurs&#8230;<\/p>\n","protected":false},"author":4,"featured_media":0,"parent":0,"menu_order":0,"comment_status":"closed","ping_status":"closed","template":"full_width.php","meta":{"footnotes":""},"class_list":["post-601","page","type-page","status-publish","hentry"],"yoast_head":"<!-- This site is optimized with the Yoast SEO plugin v25.3 - https:\/\/yoast.com\/wordpress\/plugins\/seo\/ -->\n<title>Conception | Luxe Rentals<\/title>\n<meta name=\"robots\" content=\"index, follow, max-snippet:-1, max-image-preview:large, max-video-preview:-1\" \/>\n<link rel=\"canonical\" href=\"https:\/\/luxerentals.ca\/fr\/conception\/\" \/>\n<meta property=\"og:locale\" content=\"en_US\" \/>\n<meta property=\"og:type\" content=\"article\" \/>\n<meta property=\"og:title\" content=\"Conception | Luxe Rentals\" \/>\n<meta property=\"og:description\" content=\"[vc_row css_animation=&#8221;&#8221; row_type=&#8221;row&#8221; use_row_as_full_screen_section=&#8221;no&#8221; type=&#8221;full_width&#8221; anchor=&#8221;eventdesign&#8221; angled_section=&#8221;no&#8221; text_align=&#8221;center&#8221; background_image_as_pattern=&#8221;without_pattern&#8221; background_color=&#8221;#f2f2f2&#8243; padding_top=&#8221;100&#8243; padding_bottom=&#8221;100&#8243; el_id=&#8221;eventdesign&#8221;][vc_column][vc_column_text] CONCEPTION D\u2019\u00c9V\u00c9NEMENTS [\/vc_column_text][\/vc_column][\/vc_row][vc_row css_animation=&#8221;&#8221; row_type=&#8221;row&#8221; use_row_as_full_screen_section=&#8221;no&#8221; type=&#8221;grid&#8221; angled_section=&#8221;no&#8221; text_align=&#8221;left&#8221; background_image_as_pattern=&#8221;without_pattern&#8221; padding_top=&#8221;50&#8243; padding_bottom=&#8221;50&#8243;][vc_column][vc_row_inner row_type=&#8221;row&#8221; type=&#8221;full_width&#8221; text_align=&#8221;left&#8221; css_animation=&#8221;&#8221;][vc_column_inner width=&#8221;1\/3&#8243;][vc_column_text] Conception D\u2019\u00e9v\u00e9nement [\/vc_column_text][vc_separator type=&#8221;normal&#8221;][vc_column_text]Chez LUXE Rentals, notre personnel cr\u00e9atif vous aidera \u00e0 choisir les meilleurs...\" \/>\n<meta property=\"og:url\" content=\"https:\/\/luxerentals.ca\/fr\/conception\/\" \/>\n<meta property=\"og:site_name\" content=\"Luxe Rentals\" \/>\n<meta property=\"article:publisher\" content=\"https:\/\/www.facebook.com\/luxerentals\/\" \/>\n<meta property=\"article:modified_time\" content=\"2024-03-22T15:22:07+00:00\" \/>\n<meta name=\"twitter:card\" content=\"summary_large_image\" \/>\n<meta name=\"twitter:site\" content=\"@luxetoronto\" \/>\n<meta name=\"twitter:label1\" content=\"Est. reading time\" \/>\n\t<meta name=\"twitter:data1\" content=\"3 minutes\" \/>\n<script type=\"application\/ld+json\" class=\"yoast-schema-graph\">{\"@context\":\"https:\/\/schema.org\",\"@graph\":[{\"@type\":\"WebPage\",\"@id\":\"https:\/\/luxerentals.ca\/fr\/conception\/\",\"url\":\"https:\/\/luxerentals.ca\/fr\/conception\/\",\"name\":\"Conception | Luxe Rentals\",\"isPartOf\":{\"@id\":\"https:\/\/luxerentals.ca\/fr\/#website\"},\"datePublished\":\"2016-04-04T11:30:02+00:00\",\"dateModified\":\"2024-03-22T15:22:07+00:00\",\"breadcrumb\":{\"@id\":\"https:\/\/luxerentals.ca\/fr\/conception\/#breadcrumb\"},\"inLanguage\":\"en-US\",\"potentialAction\":[{\"@type\":\"ReadAction\",\"target\":[\"https:\/\/luxerentals.ca\/fr\/conception\/\"]}]},{\"@type\":\"BreadcrumbList\",\"@id\":\"https:\/\/luxerentals.ca\/fr\/conception\/#breadcrumb\",\"itemListElement\":[{\"@type\":\"ListItem\",\"position\":1,\"name\":\"Home\",\"item\":\"https:\/\/luxerentals.ca\/fr\/\"},{\"@type\":\"ListItem\",\"position\":2,\"name\":\"Conception\"}]},{\"@type\":\"WebSite\",\"@id\":\"https:\/\/luxerentals.ca\/fr\/#website\",\"url\":\"https:\/\/luxerentals.ca\/fr\/\",\"name\":\"Luxe Rentals\",\"description\":\"LOCATION DE MOBILIERS ET D\u00c9CORATIONS POUR \u00c9V\u00c9NEMENTS \u00c0 MONTR\u00c9AL\",\"potentialAction\":[{\"@type\":\"SearchAction\",\"target\":{\"@type\":\"EntryPoint\",\"urlTemplate\":\"https:\/\/luxerentals.ca\/fr\/?s={search_term_string}\"},\"query-input\":{\"@type\":\"PropertyValueSpecification\",\"valueRequired\":true,\"valueName\":\"search_term_string\"}}],\"inLanguage\":\"en-US\"}]}<\/script>\n<!-- \/ Yoast SEO plugin. -->","yoast_head_json":{"title":"Conception | Luxe Rentals","robots":{"index":"index","follow":"follow","max-snippet":"max-snippet:-1","max-image-preview":"max-image-preview:large","max-video-preview":"max-video-preview:-1"},"canonical":"https:\/\/luxerentals.ca\/fr\/conception\/","og_locale":"en_US","og_type":"article","og_title":"Conception | Luxe Rentals","og_description":"[vc_row css_animation=&#8221;&#8221; row_type=&#8221;row&#8221; use_row_as_full_screen_section=&#8221;no&#8221; type=&#8221;full_width&#8221; anchor=&#8221;eventdesign&#8221; angled_section=&#8221;no&#8221; text_align=&#8221;center&#8221; background_image_as_pattern=&#8221;without_pattern&#8221; background_color=&#8221;#f2f2f2&#8243; padding_top=&#8221;100&#8243; padding_bottom=&#8221;100&#8243; el_id=&#8221;eventdesign&#8221;][vc_column][vc_column_text] CONCEPTION D\u2019\u00c9V\u00c9NEMENTS [\/vc_column_text][\/vc_column][\/vc_row][vc_row css_animation=&#8221;&#8221; row_type=&#8221;row&#8221; use_row_as_full_screen_section=&#8221;no&#8221; type=&#8221;grid&#8221; angled_section=&#8221;no&#8221; text_align=&#8221;left&#8221; background_image_as_pattern=&#8221;without_pattern&#8221; padding_top=&#8221;50&#8243; padding_bottom=&#8221;50&#8243;][vc_column][vc_row_inner row_type=&#8221;row&#8221; type=&#8221;full_width&#8221; text_align=&#8221;left&#8221; css_animation=&#8221;&#8221;][vc_column_inner width=&#8221;1\/3&#8243;][vc_column_text] Conception D\u2019\u00e9v\u00e9nement [\/vc_column_text][vc_separator type=&#8221;normal&#8221;][vc_column_text]Chez LUXE Rentals, notre personnel cr\u00e9atif vous aidera \u00e0 choisir les meilleurs...","og_url":"https:\/\/luxerentals.ca\/fr\/conception\/","og_site_name":"Luxe Rentals","article_publisher":"https:\/\/www.facebook.com\/luxerentals\/","article_modified_time":"2024-03-22T15:22:07+00:00","twitter_card":"summary_large_image","twitter_site":"@luxetoronto","twitter_misc":{"Est. reading time":"3 minutes"},"schema":{"@context":"https:\/\/schema.org","@graph":[{"@type":"WebPage","@id":"https:\/\/luxerentals.ca\/fr\/conception\/","url":"https:\/\/luxerentals.ca\/fr\/conception\/","name":"Conception | Luxe Rentals","isPartOf":{"@id":"https:\/\/luxerentals.ca\/fr\/#website"},"datePublished":"2016-04-04T11:30:02+00:00","dateModified":"2024-03-22T15:22:07+00:00","breadcrumb":{"@id":"https:\/\/luxerentals.ca\/fr\/conception\/#breadcrumb"},"inLanguage":"en-US","potentialAction":[{"@type":"ReadAction","target":["https:\/\/luxerentals.ca\/fr\/conception\/"]}]},{"@type":"BreadcrumbList","@id":"https:\/\/luxerentals.ca\/fr\/conception\/#breadcrumb","itemListElement":[{"@type":"ListItem","position":1,"name":"Home","item":"https:\/\/luxerentals.ca\/fr\/"},{"@type":"ListItem","position":2,"name":"Conception"}]},{"@type":"WebSite","@id":"https:\/\/luxerentals.ca\/fr\/#website","url":"https:\/\/luxerentals.ca\/fr\/","name":"Luxe Rentals","description":"LOCATION DE MOBILIERS ET D\u00c9CORATIONS POUR \u00c9V\u00c9NEMENTS \u00c0 MONTR\u00c9AL","potentialAction":[{"@type":"SearchAction","target":{"@type":"EntryPoint","urlTemplate":"https:\/\/luxerentals.ca\/fr\/?s={search_term_string}"},"query-input":{"@type":"PropertyValueSpecification","valueRequired":true,"valueName":"search_term_string"}}],"inLanguage":"en-US"}]}},"_links":{"self":[{"href":"https:\/\/luxerentals.ca\/fr\/wp-json\/wp\/v2\/pages\/601","targetHints":{"allow":["GET"]}}],"collection":[{"href":"https:\/\/luxerentals.ca\/fr\/wp-json\/wp\/v2\/pages"}],"about":[{"href":"https:\/\/luxerentals.ca\/fr\/wp-json\/wp\/v2\/types\/page"}],"author":[{"embeddable":true,"href":"https:\/\/luxerentals.ca\/fr\/wp-json\/wp\/v2\/users\/4"}],"replies":[{"embeddable":true,"href":"https:\/\/luxerentals.ca\/fr\/wp-json\/wp\/v2\/comments?post=601"}],"version-history":[{"count":0,"href":"https:\/\/luxerentals.ca\/fr\/wp-json\/wp\/v2\/pages\/601\/revisions"}],"wp:attachment":[{"href":"https:\/\/luxerentals.ca\/fr\/wp-json\/wp\/v2\/media?parent=601"}],"curies":[{"name":"wp","href":"https:\/\/api.w.org\/{rel}","templated":true}]}}