{"id":1245,"date":"2016-05-05T14:59:00","date_gmt":"2016-05-05T14:59:00","guid":{"rendered":"http:\/\/www.luxerentals.net\/?post_type=product&#038;p=1245"},"modified":"2019-03-06T12:41:25","modified_gmt":"2019-03-06T12:41:25","slug":"mondrian-extremite-gauche","status":"publish","type":"product","link":"https:\/\/luxerentals.ca\/fr\/product\/mondrian-extremite-gauche\/","title":{"rendered":"Mondrian Extr\u00e9mit\u00e9 Gauche &#8211; Cr\u00e8me"},"content":{"rendered":"","protected":false},"excerpt":{"rendered":"","protected":false},"featured_media":3042,"template":"","meta":[],"product_brand":[],"product_cat":[6],"product_tag":[117,150,151,153,141],"class_list":{"0":"post-1245","1":"product","2":"type-product","3":"status-publish","4":"has-post-thumbnail","6":"product_cat-sofas-modulaires-ottomanes","7":"product_tag-blanc","8":"product_tag-creme","9":"product_tag-modulaire","10":"product_tag-mondrian","11":"product_tag-sofa","13":"first","14":"instock","15":"shipping-taxable","16":"product-type-simple"},"yoast_head":"<!-- This site is optimized with the Yoast SEO plugin v25.3 - https:\/\/yoast.com\/wordpress\/plugins\/seo\/ -->\n<title>Mondrian Extr\u00e9mit\u00e9 Gauche - Cr\u00e8me | Luxe Rentals<\/title>\n<meta name=\"robots\" content=\"index, follow, max-snippet:-1, max-image-preview:large, max-video-preview:-1\" \/>\n<link rel=\"canonical\" href=\"https:\/\/luxerentals.ca\/fr\/?product=mondrian-extremite-gauche\" \/>\n<meta property=\"og:locale\" content=\"en_US\" \/>\n<meta property=\"og:type\" content=\"article\" \/>\n<meta property=\"og:title\" content=\"Mondrian Extr\u00e9mit\u00e9 Gauche - Cr\u00e8me | Luxe Rentals\" \/>\n<meta property=\"og:url\" content=\"https:\/\/luxerentals.ca\/fr\/?product=mondrian-extremite-gauche\" \/>\n<meta property=\"og:site_name\" content=\"Luxe Rentals\" \/>\n<meta property=\"article:publisher\" content=\"https:\/\/www.facebook.com\/luxerentals\/\" \/>\n<meta property=\"article:modified_time\" content=\"2019-03-06T12:41:25+00:00\" \/>\n<meta property=\"og:image\" content=\"https:\/\/luxerentals.ca\/fr\/wp-content\/uploads\/2016\/07\/mondrian-end-sitting-left-creme-600x600.jpg\" \/>\n\t<meta property=\"og:image:width\" content=\"600\" \/>\n\t<meta property=\"og:image:height\" content=\"600\" \/>\n\t<meta property=\"og:image:type\" content=\"image\/jpeg\" \/>\n<meta name=\"twitter:card\" content=\"summary_large_image\" \/>\n<meta name=\"twitter:site\" content=\"@luxetoronto\" \/>\n<script type=\"application\/ld+json\" class=\"yoast-schema-graph\">{\"@context\":\"https:\/\/schema.org\",\"@graph\":[{\"@type\":\"WebPage\",\"@id\":\"https:\/\/luxerentals.ca\/fr\/?product=mondrian-extremite-gauche\",\"url\":\"https:\/\/luxerentals.ca\/fr\/?product=mondrian-extremite-gauche\",\"name\":\"Mondrian Extr\u00e9mit\u00e9 Gauche - Cr\u00e8me | Luxe Rentals\",\"isPartOf\":{\"@id\":\"https:\/\/luxerentals.ca\/fr\/#website\"},\"primaryImageOfPage\":{\"@id\":\"https:\/\/luxerentals.ca\/fr\/?product=mondrian-extremite-gauche#primaryimage\"},\"image\":{\"@id\":\"https:\/\/luxerentals.ca\/fr\/?product=mondrian-extremite-gauche#primaryimage\"},\"thumbnailUrl\":\"https:\/\/luxerentals.ca\/fr\/wp-content\/uploads\/2016\/07\/mondrian-end-sitting-left-creme-600x600.jpg\",\"datePublished\":\"2016-05-05T14:59:00+00:00\",\"dateModified\":\"2019-03-06T12:41:25+00:00\",\"breadcrumb\":{\"@id\":\"https:\/\/luxerentals.ca\/fr\/?product=mondrian-extremite-gauche#breadcrumb\"},\"inLanguage\":\"en-US\",\"potentialAction\":[{\"@type\":\"ReadAction\",\"target\":[\"https:\/\/luxerentals.ca\/fr\/?product=mondrian-extremite-gauche\"]}]},{\"@type\":\"ImageObject\",\"inLanguage\":\"en-US\",\"@id\":\"https:\/\/luxerentals.ca\/fr\/?product=mondrian-extremite-gauche#primaryimage\",\"url\":\"https:\/\/luxerentals.ca\/fr\/wp-content\/uploads\/2016\/07\/mondrian-end-sitting-left-creme-600x600.jpg\",\"contentUrl\":\"https:\/\/luxerentals.ca\/fr\/wp-content\/uploads\/2016\/07\/mondrian-end-sitting-left-creme-600x600.jpg\",\"width\":600,\"height\":600},{\"@type\":\"BreadcrumbList\",\"@id\":\"https:\/\/luxerentals.ca\/fr\/?product=mondrian-extremite-gauche#breadcrumb\",\"itemListElement\":[{\"@type\":\"ListItem\",\"position\":1,\"name\":\"Home\",\"item\":\"https:\/\/luxerentals.ca\/fr\/\"},{\"@type\":\"ListItem\",\"position\":2,\"name\":\"Mobilier\",\"item\":\"https:\/\/luxerentals.ca\/fr\/?page_id=87\"},{\"@type\":\"ListItem\",\"position\":3,\"name\":\"Mondrian Extr\u00e9mit\u00e9 Gauche &#8211; Cr\u00e8me\"}]},{\"@type\":\"WebSite\",\"@id\":\"https:\/\/luxerentals.ca\/fr\/#website\",\"url\":\"https:\/\/luxerentals.ca\/fr\/\",\"name\":\"Luxe Rentals\",\"description\":\"LOCATION DE MOBILIERS ET D\u00c9CORATIONS POUR \u00c9V\u00c9NEMENTS \u00c0 MONTR\u00c9AL\",\"potentialAction\":[{\"@type\":\"SearchAction\",\"target\":{\"@type\":\"EntryPoint\",\"urlTemplate\":\"https:\/\/luxerentals.ca\/fr\/?s={search_term_string}\"},\"query-input\":{\"@type\":\"PropertyValueSpecification\",\"valueRequired\":true,\"valueName\":\"search_term_string\"}}],\"inLanguage\":\"en-US\"}]}<\/script>\n<!-- \/ Yoast SEO plugin. -->","yoast_head_json":{"title":"Mondrian Extr\u00e9mit\u00e9 Gauche - Cr\u00e8me | Luxe Rentals","robots":{"index":"index","follow":"follow","max-snippet":"max-snippet:-1","max-image-preview":"max-image-preview:large","max-video-preview":"max-video-preview:-1"},"canonical":"https:\/\/luxerentals.ca\/fr\/?product=mondrian-extremite-gauche","og_locale":"en_US","og_type":"article","og_title":"Mondrian Extr\u00e9mit\u00e9 Gauche - Cr\u00e8me | Luxe Rentals","og_url":"https:\/\/luxerentals.ca\/fr\/?product=mondrian-extremite-gauche","og_site_name":"Luxe Rentals","article_publisher":"https:\/\/www.facebook.com\/luxerentals\/","article_modified_time":"2019-03-06T12:41:25+00:00","og_image":[{"width":600,"height":600,"url":"https:\/\/luxerentals.ca\/fr\/wp-content\/uploads\/2016\/07\/mondrian-end-sitting-left-creme-600x600.jpg","type":"image\/jpeg"}],"twitter_card":"summary_large_image","twitter_site":"@luxetoronto","schema":{"@context":"https:\/\/schema.org","@graph":[{"@type":"WebPage","@id":"https:\/\/luxerentals.ca\/fr\/?product=mondrian-extremite-gauche","url":"https:\/\/luxerentals.ca\/fr\/?product=mondrian-extremite-gauche","name":"Mondrian Extr\u00e9mit\u00e9 Gauche - Cr\u00e8me | Luxe Rentals","isPartOf":{"@id":"https:\/\/luxerentals.ca\/fr\/#website"},"primaryImageOfPage":{"@id":"https:\/\/luxerentals.ca\/fr\/?product=mondrian-extremite-gauche#primaryimage"},"image":{"@id":"https:\/\/luxerentals.ca\/fr\/?product=mondrian-extremite-gauche#primaryimage"},"thumbnailUrl":"https:\/\/luxerentals.ca\/fr\/wp-content\/uploads\/2016\/07\/mondrian-end-sitting-left-creme-600x600.jpg","datePublished":"2016-05-05T14:59:00+00:00","dateModified":"2019-03-06T12:41:25+00:00","breadcrumb":{"@id":"https:\/\/luxerentals.ca\/fr\/?product=mondrian-extremite-gauche#breadcrumb"},"inLanguage":"en-US","potentialAction":[{"@type":"ReadAction","target":["https:\/\/luxerentals.ca\/fr\/?product=mondrian-extremite-gauche"]}]},{"@type":"ImageObject","inLanguage":"en-US","@id":"https:\/\/luxerentals.ca\/fr\/?product=mondrian-extremite-gauche#primaryimage","url":"https:\/\/luxerentals.ca\/fr\/wp-content\/uploads\/2016\/07\/mondrian-end-sitting-left-creme-600x600.jpg","contentUrl":"https:\/\/luxerentals.ca\/fr\/wp-content\/uploads\/2016\/07\/mondrian-end-sitting-left-creme-600x600.jpg","width":600,"height":600},{"@type":"BreadcrumbList","@id":"https:\/\/luxerentals.ca\/fr\/?product=mondrian-extremite-gauche#breadcrumb","itemListElement":[{"@type":"ListItem","position":1,"name":"Home","item":"https:\/\/luxerentals.ca\/fr\/"},{"@type":"ListItem","position":2,"name":"Mobilier","item":"https:\/\/luxerentals.ca\/fr\/?page_id=87"},{"@type":"ListItem","position":3,"name":"Mondrian Extr\u00e9mit\u00e9 Gauche &#8211; Cr\u00e8me"}]},{"@type":"WebSite","@id":"https:\/\/luxerentals.ca\/fr\/#website","url":"https:\/\/luxerentals.ca\/fr\/","name":"Luxe Rentals","description":"LOCATION DE MOBILIERS ET D\u00c9CORATIONS POUR \u00c9V\u00c9NEMENTS \u00c0 MONTR\u00c9AL","potentialAction":[{"@type":"SearchAction","target":{"@type":"EntryPoint","urlTemplate":"https:\/\/luxerentals.ca\/fr\/?s={search_term_string}"},"query-input":{"@type":"PropertyValueSpecification","valueRequired":true,"valueName":"search_term_string"}}],"inLanguage":"en-US"}]}},"_links":{"self":[{"href":"https:\/\/luxerentals.ca\/fr\/wp-json\/wp\/v2\/product\/1245","targetHints":{"allow":["GET"]}}],"collection":[{"href":"https:\/\/luxerentals.ca\/fr\/wp-json\/wp\/v2\/product"}],"about":[{"href":"https:\/\/luxerentals.ca\/fr\/wp-json\/wp\/v2\/types\/product"}],"wp:featuredmedia":[{"embeddable":true,"href":"https:\/\/luxerentals.ca\/fr\/wp-json\/wp\/v2\/media\/3042"}],"wp:attachment":[{"href":"https:\/\/luxerentals.ca\/fr\/wp-json\/wp\/v2\/media?parent=1245"}],"wp:term":[{"taxonomy":"product_brand","embeddable":true,"href":"https:\/\/luxerentals.ca\/fr\/wp-json\/wp\/v2\/product_brand?post=1245"},{"taxonomy":"product_cat","embeddable":true,"href":"https:\/\/luxerentals.ca\/fr\/wp-json\/wp\/v2\/product_cat?post=1245"},{"taxonomy":"product_tag","embeddable":true,"href":"https:\/\/luxerentals.ca\/fr\/wp-json\/wp\/v2\/product_tag?post=1245"}],"curies":[{"name":"wp","href":"https:\/\/api.w.org\/{rel}","templated":true}]}}