{"id":2112,"date":"2016-07-11T16:15:59","date_gmt":"2016-07-11T16:15:59","guid":{"rendered":"http:\/\/www.luxerentals.net\/furniture\/outdoor-lounge-seating\/savoy-cube-ottoman-side-table-black\/"},"modified":"2024-03-20T15:46:29","modified_gmt":"2024-03-20T15:46:29","slug":"savoy-ottomane-cube-noir","status":"publish","type":"product","link":"https:\/\/luxerentals.ca\/fr\/product\/savoy-ottomane-cube-noir\/","title":{"rendered":"Savoy Ottomane Cube Table d&#8217;appoint- Noir"},"content":{"rendered":"","protected":false},"excerpt":{"rendered":"","protected":false},"featured_media":3680,"template":"","meta":[],"product_brand":[],"product_cat":[10],"product_tag":[151,115,139,174,143],"class_list":{"0":"post-2112","1":"product","2":"type-product","3":"status-publish","4":"has-post-thumbnail","6":"product_cat-outdoor-lounge-seating","7":"product_tag-modulaire","8":"product_tag-noir","9":"product_tag-ottomane","10":"product_tag-outdoor","11":"product_tag-table-dappoint-2","13":"first","14":"instock","15":"shipping-taxable","16":"product-type-simple"},"yoast_head":"<!-- This site is optimized with the Yoast SEO plugin v25.3 - https:\/\/yoast.com\/wordpress\/plugins\/seo\/ -->\n<title>Savoy Ottomane Cube Table d&#039;appoint- Noir | Luxe Rentals<\/title>\n<meta name=\"robots\" content=\"index, follow, max-snippet:-1, max-image-preview:large, max-video-preview:-1\" \/>\n<link rel=\"canonical\" href=\"https:\/\/luxerentals.ca\/fr\/product\/savoy-ottomane-cube-noir\/\" \/>\n<meta property=\"og:locale\" content=\"en_US\" \/>\n<meta property=\"og:type\" content=\"article\" \/>\n<meta property=\"og:title\" content=\"Savoy Ottomane Cube Table d&#039;appoint- Noir | Luxe Rentals\" \/>\n<meta property=\"og:url\" content=\"https:\/\/luxerentals.ca\/fr\/product\/savoy-ottomane-cube-noir\/\" \/>\n<meta property=\"og:site_name\" content=\"Luxe Rentals\" \/>\n<meta property=\"article:publisher\" content=\"https:\/\/www.facebook.com\/luxerentals\/\" \/>\n<meta property=\"article:modified_time\" content=\"2024-03-20T15:46:29+00:00\" \/>\n<meta property=\"og:image\" content=\"https:\/\/luxerentals.ca\/fr\/wp-content\/uploads\/2016\/07\/savoy-cube-black-600x600-1.jpg\" \/>\n\t<meta property=\"og:image:width\" content=\"600\" \/>\n\t<meta property=\"og:image:height\" content=\"600\" \/>\n\t<meta property=\"og:image:type\" content=\"image\/jpeg\" \/>\n<meta name=\"twitter:card\" content=\"summary_large_image\" \/>\n<meta name=\"twitter:site\" content=\"@luxetoronto\" \/>\n<meta name=\"twitter:label1\" content=\"Est. reading time\" \/>\n\t<meta name=\"twitter:data1\" content=\"1 minute\" \/>\n<script type=\"application\/ld+json\" class=\"yoast-schema-graph\">{\"@context\":\"https:\/\/schema.org\",\"@graph\":[{\"@type\":\"WebPage\",\"@id\":\"https:\/\/luxerentals.ca\/fr\/product\/savoy-ottomane-cube-noir\/\",\"url\":\"https:\/\/luxerentals.ca\/fr\/product\/savoy-ottomane-cube-noir\/\",\"name\":\"Savoy Ottomane Cube Table d'appoint- Noir | Luxe Rentals\",\"isPartOf\":{\"@id\":\"https:\/\/luxerentals.ca\/fr\/#website\"},\"primaryImageOfPage\":{\"@id\":\"https:\/\/luxerentals.ca\/fr\/product\/savoy-ottomane-cube-noir\/#primaryimage\"},\"image\":{\"@id\":\"https:\/\/luxerentals.ca\/fr\/product\/savoy-ottomane-cube-noir\/#primaryimage\"},\"thumbnailUrl\":\"https:\/\/luxerentals.ca\/fr\/wp-content\/uploads\/2016\/07\/savoy-cube-black-600x600-1.jpg\",\"datePublished\":\"2016-07-11T16:15:59+00:00\",\"dateModified\":\"2024-03-20T15:46:29+00:00\",\"breadcrumb\":{\"@id\":\"https:\/\/luxerentals.ca\/fr\/product\/savoy-ottomane-cube-noir\/#breadcrumb\"},\"inLanguage\":\"en-US\",\"potentialAction\":[{\"@type\":\"ReadAction\",\"target\":[\"https:\/\/luxerentals.ca\/fr\/product\/savoy-ottomane-cube-noir\/\"]}]},{\"@type\":\"ImageObject\",\"inLanguage\":\"en-US\",\"@id\":\"https:\/\/luxerentals.ca\/fr\/product\/savoy-ottomane-cube-noir\/#primaryimage\",\"url\":\"https:\/\/luxerentals.ca\/fr\/wp-content\/uploads\/2016\/07\/savoy-cube-black-600x600-1.jpg\",\"contentUrl\":\"https:\/\/luxerentals.ca\/fr\/wp-content\/uploads\/2016\/07\/savoy-cube-black-600x600-1.jpg\",\"width\":600,\"height\":600},{\"@type\":\"BreadcrumbList\",\"@id\":\"https:\/\/luxerentals.ca\/fr\/product\/savoy-ottomane-cube-noir\/#breadcrumb\",\"itemListElement\":[{\"@type\":\"ListItem\",\"position\":1,\"name\":\"Home\",\"item\":\"https:\/\/luxerentals.ca\/fr\/\"},{\"@type\":\"ListItem\",\"position\":2,\"name\":\"Mobilier\",\"item\":\"https:\/\/luxerentals.ca\/fr\/?page_id=87\"},{\"@type\":\"ListItem\",\"position\":3,\"name\":\"Savoy Ottomane Cube Table d&#8217;appoint- Noir\"}]},{\"@type\":\"WebSite\",\"@id\":\"https:\/\/luxerentals.ca\/fr\/#website\",\"url\":\"https:\/\/luxerentals.ca\/fr\/\",\"name\":\"Luxe Rentals\",\"description\":\"LOCATION DE MOBILIERS ET D\u00c9CORATIONS POUR \u00c9V\u00c9NEMENTS \u00c0 MONTR\u00c9AL\",\"potentialAction\":[{\"@type\":\"SearchAction\",\"target\":{\"@type\":\"EntryPoint\",\"urlTemplate\":\"https:\/\/luxerentals.ca\/fr\/?s={search_term_string}\"},\"query-input\":{\"@type\":\"PropertyValueSpecification\",\"valueRequired\":true,\"valueName\":\"search_term_string\"}}],\"inLanguage\":\"en-US\"}]}<\/script>\n<!-- \/ Yoast SEO plugin. -->","yoast_head_json":{"title":"Savoy Ottomane Cube Table d'appoint- Noir | Luxe Rentals","robots":{"index":"index","follow":"follow","max-snippet":"max-snippet:-1","max-image-preview":"max-image-preview:large","max-video-preview":"max-video-preview:-1"},"canonical":"https:\/\/luxerentals.ca\/fr\/product\/savoy-ottomane-cube-noir\/","og_locale":"en_US","og_type":"article","og_title":"Savoy Ottomane Cube Table d'appoint- Noir | Luxe Rentals","og_url":"https:\/\/luxerentals.ca\/fr\/product\/savoy-ottomane-cube-noir\/","og_site_name":"Luxe Rentals","article_publisher":"https:\/\/www.facebook.com\/luxerentals\/","article_modified_time":"2024-03-20T15:46:29+00:00","og_image":[{"width":600,"height":600,"url":"https:\/\/luxerentals.ca\/fr\/wp-content\/uploads\/2016\/07\/savoy-cube-black-600x600-1.jpg","type":"image\/jpeg"}],"twitter_card":"summary_large_image","twitter_site":"@luxetoronto","twitter_misc":{"Est. reading time":"1 minute"},"schema":{"@context":"https:\/\/schema.org","@graph":[{"@type":"WebPage","@id":"https:\/\/luxerentals.ca\/fr\/product\/savoy-ottomane-cube-noir\/","url":"https:\/\/luxerentals.ca\/fr\/product\/savoy-ottomane-cube-noir\/","name":"Savoy Ottomane Cube Table d'appoint- Noir | Luxe Rentals","isPartOf":{"@id":"https:\/\/luxerentals.ca\/fr\/#website"},"primaryImageOfPage":{"@id":"https:\/\/luxerentals.ca\/fr\/product\/savoy-ottomane-cube-noir\/#primaryimage"},"image":{"@id":"https:\/\/luxerentals.ca\/fr\/product\/savoy-ottomane-cube-noir\/#primaryimage"},"thumbnailUrl":"https:\/\/luxerentals.ca\/fr\/wp-content\/uploads\/2016\/07\/savoy-cube-black-600x600-1.jpg","datePublished":"2016-07-11T16:15:59+00:00","dateModified":"2024-03-20T15:46:29+00:00","breadcrumb":{"@id":"https:\/\/luxerentals.ca\/fr\/product\/savoy-ottomane-cube-noir\/#breadcrumb"},"inLanguage":"en-US","potentialAction":[{"@type":"ReadAction","target":["https:\/\/luxerentals.ca\/fr\/product\/savoy-ottomane-cube-noir\/"]}]},{"@type":"ImageObject","inLanguage":"en-US","@id":"https:\/\/luxerentals.ca\/fr\/product\/savoy-ottomane-cube-noir\/#primaryimage","url":"https:\/\/luxerentals.ca\/fr\/wp-content\/uploads\/2016\/07\/savoy-cube-black-600x600-1.jpg","contentUrl":"https:\/\/luxerentals.ca\/fr\/wp-content\/uploads\/2016\/07\/savoy-cube-black-600x600-1.jpg","width":600,"height":600},{"@type":"BreadcrumbList","@id":"https:\/\/luxerentals.ca\/fr\/product\/savoy-ottomane-cube-noir\/#breadcrumb","itemListElement":[{"@type":"ListItem","position":1,"name":"Home","item":"https:\/\/luxerentals.ca\/fr\/"},{"@type":"ListItem","position":2,"name":"Mobilier","item":"https:\/\/luxerentals.ca\/fr\/?page_id=87"},{"@type":"ListItem","position":3,"name":"Savoy Ottomane Cube Table d&#8217;appoint- Noir"}]},{"@type":"WebSite","@id":"https:\/\/luxerentals.ca\/fr\/#website","url":"https:\/\/luxerentals.ca\/fr\/","name":"Luxe Rentals","description":"LOCATION DE MOBILIERS ET D\u00c9CORATIONS POUR \u00c9V\u00c9NEMENTS \u00c0 MONTR\u00c9AL","potentialAction":[{"@type":"SearchAction","target":{"@type":"EntryPoint","urlTemplate":"https:\/\/luxerentals.ca\/fr\/?s={search_term_string}"},"query-input":{"@type":"PropertyValueSpecification","valueRequired":true,"valueName":"search_term_string"}}],"inLanguage":"en-US"}]}},"_links":{"self":[{"href":"https:\/\/luxerentals.ca\/fr\/wp-json\/wp\/v2\/product\/2112","targetHints":{"allow":["GET"]}}],"collection":[{"href":"https:\/\/luxerentals.ca\/fr\/wp-json\/wp\/v2\/product"}],"about":[{"href":"https:\/\/luxerentals.ca\/fr\/wp-json\/wp\/v2\/types\/product"}],"wp:featuredmedia":[{"embeddable":true,"href":"https:\/\/luxerentals.ca\/fr\/wp-json\/wp\/v2\/media\/3680"}],"wp:attachment":[{"href":"https:\/\/luxerentals.ca\/fr\/wp-json\/wp\/v2\/media?parent=2112"}],"wp:term":[{"taxonomy":"product_brand","embeddable":true,"href":"https:\/\/luxerentals.ca\/fr\/wp-json\/wp\/v2\/product_brand?post=2112"},{"taxonomy":"product_cat","embeddable":true,"href":"https:\/\/luxerentals.ca\/fr\/wp-json\/wp\/v2\/product_cat?post=2112"},{"taxonomy":"product_tag","embeddable":true,"href":"https:\/\/luxerentals.ca\/fr\/wp-json\/wp\/v2\/product_tag?post=2112"}],"curies":[{"name":"wp","href":"https:\/\/api.w.org\/{rel}","templated":true}]}}