{"id":2172,"date":"2016-07-11T20:40:57","date_gmt":"2016-07-11T20:40:57","guid":{"rendered":"http:\/\/www.luxerentals.net\/furniture\/bars-food-stations\/avenue-14-round-bar-gold-and-fuchsia\/"},"modified":"2017-04-13T04:54:17","modified_gmt":"2017-04-13T04:54:17","slug":"avenue-14-bar-rond-or-et-fuchsia","status":"publish","type":"product","link":"https:\/\/luxerentals.ca\/fr\/product\/avenue-14-bar-rond-or-et-fuchsia\/","title":{"rendered":"Avenue 1\/4 Bar Rond &#8211; Or et Fuchsia"},"content":{"rendered":"","protected":false},"excerpt":{"rendered":"","protected":false},"featured_media":372,"template":"","meta":[],"product_brand":[],"product_cat":[12],"product_tag":[180,181,140,151,27],"class_list":{"0":"post-2172","1":"product","2":"type-product","3":"status-publish","4":"has-post-thumbnail","6":"product_cat-bars-stations-alimentaires","7":"product_tag-avenue","8":"product_tag-bar","9":"product_tag-fuchsia","10":"product_tag-modulaire","11":"product_tag-or","13":"first","14":"instock","15":"shipping-taxable","16":"product-type-simple"},"yoast_head":"<!-- This site is optimized with the Yoast SEO plugin v25.3 - https:\/\/yoast.com\/wordpress\/plugins\/seo\/ -->\n<title>Avenue 1\/4 Bar Rond - Or et Fuchsia | Luxe Rentals<\/title>\n<meta name=\"robots\" content=\"index, follow, max-snippet:-1, max-image-preview:large, max-video-preview:-1\" \/>\n<link rel=\"canonical\" href=\"https:\/\/luxerentals.ca\/fr\/?product=avenue-14-bar-rond-or-et-fuchsia\" \/>\n<meta property=\"og:locale\" content=\"en_US\" \/>\n<meta property=\"og:type\" content=\"article\" \/>\n<meta property=\"og:title\" content=\"Avenue 1\/4 Bar Rond - Or et Fuchsia | Luxe Rentals\" \/>\n<meta property=\"og:url\" content=\"https:\/\/luxerentals.ca\/fr\/?product=avenue-14-bar-rond-or-et-fuchsia\" \/>\n<meta property=\"og:site_name\" content=\"Luxe Rentals\" \/>\n<meta property=\"article:publisher\" content=\"https:\/\/www.facebook.com\/luxerentals\/\" \/>\n<meta property=\"article:modified_time\" content=\"2017-04-13T04:54:17+00:00\" \/>\n<meta property=\"og:image\" content=\"https:\/\/luxerentals.ca\/fr\/wp-content\/uploads\/2016\/03\/avenue-1_4-round-gold-purple-plexi.jpg\" \/>\n\t<meta property=\"og:image:width\" content=\"792\" \/>\n\t<meta property=\"og:image:height\" content=\"792\" \/>\n\t<meta property=\"og:image:type\" content=\"image\/jpeg\" \/>\n<meta name=\"twitter:card\" content=\"summary_large_image\" \/>\n<meta name=\"twitter:site\" content=\"@luxetoronto\" \/>\n<script type=\"application\/ld+json\" class=\"yoast-schema-graph\">{\"@context\":\"https:\/\/schema.org\",\"@graph\":[{\"@type\":\"WebPage\",\"@id\":\"https:\/\/luxerentals.ca\/fr\/?product=avenue-14-bar-rond-or-et-fuchsia\",\"url\":\"https:\/\/luxerentals.ca\/fr\/?product=avenue-14-bar-rond-or-et-fuchsia\",\"name\":\"Avenue 1\/4 Bar Rond - Or et Fuchsia | Luxe Rentals\",\"isPartOf\":{\"@id\":\"https:\/\/luxerentals.ca\/fr\/#website\"},\"primaryImageOfPage\":{\"@id\":\"https:\/\/luxerentals.ca\/fr\/?product=avenue-14-bar-rond-or-et-fuchsia#primaryimage\"},\"image\":{\"@id\":\"https:\/\/luxerentals.ca\/fr\/?product=avenue-14-bar-rond-or-et-fuchsia#primaryimage\"},\"thumbnailUrl\":\"https:\/\/luxerentals.ca\/fr\/wp-content\/uploads\/2016\/03\/avenue-1_4-round-gold-purple-plexi.jpg\",\"datePublished\":\"2016-07-11T20:40:57+00:00\",\"dateModified\":\"2017-04-13T04:54:17+00:00\",\"breadcrumb\":{\"@id\":\"https:\/\/luxerentals.ca\/fr\/?product=avenue-14-bar-rond-or-et-fuchsia#breadcrumb\"},\"inLanguage\":\"en-US\",\"potentialAction\":[{\"@type\":\"ReadAction\",\"target\":[\"https:\/\/luxerentals.ca\/fr\/?product=avenue-14-bar-rond-or-et-fuchsia\"]}]},{\"@type\":\"ImageObject\",\"inLanguage\":\"en-US\",\"@id\":\"https:\/\/luxerentals.ca\/fr\/?product=avenue-14-bar-rond-or-et-fuchsia#primaryimage\",\"url\":\"https:\/\/luxerentals.ca\/fr\/wp-content\/uploads\/2016\/03\/avenue-1_4-round-gold-purple-plexi.jpg\",\"contentUrl\":\"https:\/\/luxerentals.ca\/fr\/wp-content\/uploads\/2016\/03\/avenue-1_4-round-gold-purple-plexi.jpg\",\"width\":792,\"height\":792},{\"@type\":\"BreadcrumbList\",\"@id\":\"https:\/\/luxerentals.ca\/fr\/?product=avenue-14-bar-rond-or-et-fuchsia#breadcrumb\",\"itemListElement\":[{\"@type\":\"ListItem\",\"position\":1,\"name\":\"Home\",\"item\":\"https:\/\/luxerentals.ca\/fr\/\"},{\"@type\":\"ListItem\",\"position\":2,\"name\":\"Mobilier\",\"item\":\"https:\/\/luxerentals.ca\/fr\/?page_id=87\"},{\"@type\":\"ListItem\",\"position\":3,\"name\":\"Avenue 1\/4 Bar Rond &#8211; Or et Fuchsia\"}]},{\"@type\":\"WebSite\",\"@id\":\"https:\/\/luxerentals.ca\/fr\/#website\",\"url\":\"https:\/\/luxerentals.ca\/fr\/\",\"name\":\"Luxe Rentals\",\"description\":\"LOCATION DE MOBILIERS ET D\u00c9CORATIONS POUR \u00c9V\u00c9NEMENTS \u00c0 MONTR\u00c9AL\",\"potentialAction\":[{\"@type\":\"SearchAction\",\"target\":{\"@type\":\"EntryPoint\",\"urlTemplate\":\"https:\/\/luxerentals.ca\/fr\/?s={search_term_string}\"},\"query-input\":{\"@type\":\"PropertyValueSpecification\",\"valueRequired\":true,\"valueName\":\"search_term_string\"}}],\"inLanguage\":\"en-US\"}]}<\/script>\n<!-- \/ Yoast SEO plugin. -->","yoast_head_json":{"title":"Avenue 1\/4 Bar Rond - Or et Fuchsia | Luxe Rentals","robots":{"index":"index","follow":"follow","max-snippet":"max-snippet:-1","max-image-preview":"max-image-preview:large","max-video-preview":"max-video-preview:-1"},"canonical":"https:\/\/luxerentals.ca\/fr\/?product=avenue-14-bar-rond-or-et-fuchsia","og_locale":"en_US","og_type":"article","og_title":"Avenue 1\/4 Bar Rond - Or et Fuchsia | Luxe Rentals","og_url":"https:\/\/luxerentals.ca\/fr\/?product=avenue-14-bar-rond-or-et-fuchsia","og_site_name":"Luxe Rentals","article_publisher":"https:\/\/www.facebook.com\/luxerentals\/","article_modified_time":"2017-04-13T04:54:17+00:00","og_image":[{"width":792,"height":792,"url":"https:\/\/luxerentals.ca\/fr\/wp-content\/uploads\/2016\/03\/avenue-1_4-round-gold-purple-plexi.jpg","type":"image\/jpeg"}],"twitter_card":"summary_large_image","twitter_site":"@luxetoronto","schema":{"@context":"https:\/\/schema.org","@graph":[{"@type":"WebPage","@id":"https:\/\/luxerentals.ca\/fr\/?product=avenue-14-bar-rond-or-et-fuchsia","url":"https:\/\/luxerentals.ca\/fr\/?product=avenue-14-bar-rond-or-et-fuchsia","name":"Avenue 1\/4 Bar Rond - Or et Fuchsia | Luxe Rentals","isPartOf":{"@id":"https:\/\/luxerentals.ca\/fr\/#website"},"primaryImageOfPage":{"@id":"https:\/\/luxerentals.ca\/fr\/?product=avenue-14-bar-rond-or-et-fuchsia#primaryimage"},"image":{"@id":"https:\/\/luxerentals.ca\/fr\/?product=avenue-14-bar-rond-or-et-fuchsia#primaryimage"},"thumbnailUrl":"https:\/\/luxerentals.ca\/fr\/wp-content\/uploads\/2016\/03\/avenue-1_4-round-gold-purple-plexi.jpg","datePublished":"2016-07-11T20:40:57+00:00","dateModified":"2017-04-13T04:54:17+00:00","breadcrumb":{"@id":"https:\/\/luxerentals.ca\/fr\/?product=avenue-14-bar-rond-or-et-fuchsia#breadcrumb"},"inLanguage":"en-US","potentialAction":[{"@type":"ReadAction","target":["https:\/\/luxerentals.ca\/fr\/?product=avenue-14-bar-rond-or-et-fuchsia"]}]},{"@type":"ImageObject","inLanguage":"en-US","@id":"https:\/\/luxerentals.ca\/fr\/?product=avenue-14-bar-rond-or-et-fuchsia#primaryimage","url":"https:\/\/luxerentals.ca\/fr\/wp-content\/uploads\/2016\/03\/avenue-1_4-round-gold-purple-plexi.jpg","contentUrl":"https:\/\/luxerentals.ca\/fr\/wp-content\/uploads\/2016\/03\/avenue-1_4-round-gold-purple-plexi.jpg","width":792,"height":792},{"@type":"BreadcrumbList","@id":"https:\/\/luxerentals.ca\/fr\/?product=avenue-14-bar-rond-or-et-fuchsia#breadcrumb","itemListElement":[{"@type":"ListItem","position":1,"name":"Home","item":"https:\/\/luxerentals.ca\/fr\/"},{"@type":"ListItem","position":2,"name":"Mobilier","item":"https:\/\/luxerentals.ca\/fr\/?page_id=87"},{"@type":"ListItem","position":3,"name":"Avenue 1\/4 Bar Rond &#8211; Or et Fuchsia"}]},{"@type":"WebSite","@id":"https:\/\/luxerentals.ca\/fr\/#website","url":"https:\/\/luxerentals.ca\/fr\/","name":"Luxe Rentals","description":"LOCATION DE MOBILIERS ET D\u00c9CORATIONS POUR \u00c9V\u00c9NEMENTS \u00c0 MONTR\u00c9AL","potentialAction":[{"@type":"SearchAction","target":{"@type":"EntryPoint","urlTemplate":"https:\/\/luxerentals.ca\/fr\/?s={search_term_string}"},"query-input":{"@type":"PropertyValueSpecification","valueRequired":true,"valueName":"search_term_string"}}],"inLanguage":"en-US"}]}},"_links":{"self":[{"href":"https:\/\/luxerentals.ca\/fr\/wp-json\/wp\/v2\/product\/2172","targetHints":{"allow":["GET"]}}],"collection":[{"href":"https:\/\/luxerentals.ca\/fr\/wp-json\/wp\/v2\/product"}],"about":[{"href":"https:\/\/luxerentals.ca\/fr\/wp-json\/wp\/v2\/types\/product"}],"wp:featuredmedia":[{"embeddable":true,"href":"https:\/\/luxerentals.ca\/fr\/wp-json\/wp\/v2\/media\/372"}],"wp:attachment":[{"href":"https:\/\/luxerentals.ca\/fr\/wp-json\/wp\/v2\/media?parent=2172"}],"wp:term":[{"taxonomy":"product_brand","embeddable":true,"href":"https:\/\/luxerentals.ca\/fr\/wp-json\/wp\/v2\/product_brand?post=2172"},{"taxonomy":"product_cat","embeddable":true,"href":"https:\/\/luxerentals.ca\/fr\/wp-json\/wp\/v2\/product_cat?post=2172"},{"taxonomy":"product_tag","embeddable":true,"href":"https:\/\/luxerentals.ca\/fr\/wp-json\/wp\/v2\/product_tag?post=2172"}],"curies":[{"name":"wp","href":"https:\/\/api.w.org\/{rel}","templated":true}]}}