{"id":2705,"date":"2016-07-18T15:47:46","date_gmt":"2016-07-18T15:47:46","guid":{"rendered":"http:\/\/www.luxerentals.net\/furniture\/cruiser-cocktail-tables\/capital-cruiser-table-black\/"},"modified":"2017-04-12T11:20:12","modified_gmt":"2017-04-12T11:20:12","slug":"capital-table-a-cocktail-noir","status":"publish","type":"product","link":"https:\/\/luxerentals.ca\/fr\/product\/capital-table-a-cocktail-noir\/","title":{"rendered":"Capital Table \u00e0 cocktail &#8211; Noir"},"content":{"rendered":"","protected":false},"excerpt":{"rendered":"","protected":false},"featured_media":666,"template":"","meta":[],"product_brand":[],"product_cat":[15],"product_tag":[26,115,142,204],"class_list":{"0":"post-2705","1":"product","2":"type-product","3":"status-publish","4":"has-post-thumbnail","6":"product_cat-tables-cocktails-basses-et-hautes","7":"product_tag-argent","8":"product_tag-noir","9":"product_tag-table","10":"product_tag-table-a-cocktail","12":"first","13":"instock","14":"shipping-taxable","15":"product-type-simple"},"yoast_head":"<!-- This site is optimized with the Yoast SEO plugin v25.3 - https:\/\/yoast.com\/wordpress\/plugins\/seo\/ -->\n<title>Capital Table \u00e0 cocktail - Noir | Luxe Rentals<\/title>\n<meta name=\"robots\" content=\"index, follow, max-snippet:-1, max-image-preview:large, max-video-preview:-1\" \/>\n<link rel=\"canonical\" href=\"https:\/\/luxerentals.ca\/fr\/?product=capital-table-a-cocktail-noir\" \/>\n<meta property=\"og:locale\" content=\"en_US\" \/>\n<meta property=\"og:type\" content=\"article\" \/>\n<meta property=\"og:title\" content=\"Capital Table \u00e0 cocktail - Noir | Luxe Rentals\" \/>\n<meta property=\"og:url\" content=\"https:\/\/luxerentals.ca\/fr\/?product=capital-table-a-cocktail-noir\" \/>\n<meta property=\"og:site_name\" content=\"Luxe Rentals\" \/>\n<meta property=\"article:publisher\" content=\"https:\/\/www.facebook.com\/luxerentals\/\" \/>\n<meta property=\"article:modified_time\" content=\"2017-04-12T11:20:12+00:00\" \/>\n<meta property=\"og:image\" content=\"https:\/\/luxerentals.ca\/fr\/wp-content\/uploads\/2016\/04\/captial-cruiser-SS-black-plexi.jpg\" \/>\n\t<meta property=\"og:image:width\" content=\"792\" \/>\n\t<meta property=\"og:image:height\" content=\"792\" \/>\n\t<meta property=\"og:image:type\" content=\"image\/jpeg\" \/>\n<meta name=\"twitter:card\" content=\"summary_large_image\" \/>\n<meta name=\"twitter:site\" content=\"@luxetoronto\" \/>\n<script type=\"application\/ld+json\" class=\"yoast-schema-graph\">{\"@context\":\"https:\/\/schema.org\",\"@graph\":[{\"@type\":\"WebPage\",\"@id\":\"https:\/\/luxerentals.ca\/fr\/?product=capital-table-a-cocktail-noir\",\"url\":\"https:\/\/luxerentals.ca\/fr\/?product=capital-table-a-cocktail-noir\",\"name\":\"Capital Table \u00e0 cocktail - Noir | Luxe Rentals\",\"isPartOf\":{\"@id\":\"https:\/\/luxerentals.ca\/fr\/#website\"},\"primaryImageOfPage\":{\"@id\":\"https:\/\/luxerentals.ca\/fr\/?product=capital-table-a-cocktail-noir#primaryimage\"},\"image\":{\"@id\":\"https:\/\/luxerentals.ca\/fr\/?product=capital-table-a-cocktail-noir#primaryimage\"},\"thumbnailUrl\":\"https:\/\/luxerentals.ca\/fr\/wp-content\/uploads\/2016\/04\/captial-cruiser-SS-black-plexi.jpg\",\"datePublished\":\"2016-07-18T15:47:46+00:00\",\"dateModified\":\"2017-04-12T11:20:12+00:00\",\"breadcrumb\":{\"@id\":\"https:\/\/luxerentals.ca\/fr\/?product=capital-table-a-cocktail-noir#breadcrumb\"},\"inLanguage\":\"en-US\",\"potentialAction\":[{\"@type\":\"ReadAction\",\"target\":[\"https:\/\/luxerentals.ca\/fr\/?product=capital-table-a-cocktail-noir\"]}]},{\"@type\":\"ImageObject\",\"inLanguage\":\"en-US\",\"@id\":\"https:\/\/luxerentals.ca\/fr\/?product=capital-table-a-cocktail-noir#primaryimage\",\"url\":\"https:\/\/luxerentals.ca\/fr\/wp-content\/uploads\/2016\/04\/captial-cruiser-SS-black-plexi.jpg\",\"contentUrl\":\"https:\/\/luxerentals.ca\/fr\/wp-content\/uploads\/2016\/04\/captial-cruiser-SS-black-plexi.jpg\",\"width\":792,\"height\":792},{\"@type\":\"BreadcrumbList\",\"@id\":\"https:\/\/luxerentals.ca\/fr\/?product=capital-table-a-cocktail-noir#breadcrumb\",\"itemListElement\":[{\"@type\":\"ListItem\",\"position\":1,\"name\":\"Home\",\"item\":\"https:\/\/luxerentals.ca\/fr\/\"},{\"@type\":\"ListItem\",\"position\":2,\"name\":\"Mobilier\",\"item\":\"https:\/\/luxerentals.ca\/fr\/?page_id=87\"},{\"@type\":\"ListItem\",\"position\":3,\"name\":\"Capital Table \u00e0 cocktail &#8211; Noir\"}]},{\"@type\":\"WebSite\",\"@id\":\"https:\/\/luxerentals.ca\/fr\/#website\",\"url\":\"https:\/\/luxerentals.ca\/fr\/\",\"name\":\"Luxe Rentals\",\"description\":\"LOCATION DE MOBILIERS ET D\u00c9CORATIONS POUR \u00c9V\u00c9NEMENTS \u00c0 MONTR\u00c9AL\",\"potentialAction\":[{\"@type\":\"SearchAction\",\"target\":{\"@type\":\"EntryPoint\",\"urlTemplate\":\"https:\/\/luxerentals.ca\/fr\/?s={search_term_string}\"},\"query-input\":{\"@type\":\"PropertyValueSpecification\",\"valueRequired\":true,\"valueName\":\"search_term_string\"}}],\"inLanguage\":\"en-US\"}]}<\/script>\n<!-- \/ Yoast SEO plugin. -->","yoast_head_json":{"title":"Capital Table \u00e0 cocktail - Noir | Luxe Rentals","robots":{"index":"index","follow":"follow","max-snippet":"max-snippet:-1","max-image-preview":"max-image-preview:large","max-video-preview":"max-video-preview:-1"},"canonical":"https:\/\/luxerentals.ca\/fr\/?product=capital-table-a-cocktail-noir","og_locale":"en_US","og_type":"article","og_title":"Capital Table \u00e0 cocktail - Noir | Luxe Rentals","og_url":"https:\/\/luxerentals.ca\/fr\/?product=capital-table-a-cocktail-noir","og_site_name":"Luxe Rentals","article_publisher":"https:\/\/www.facebook.com\/luxerentals\/","article_modified_time":"2017-04-12T11:20:12+00:00","og_image":[{"width":792,"height":792,"url":"https:\/\/luxerentals.ca\/fr\/wp-content\/uploads\/2016\/04\/captial-cruiser-SS-black-plexi.jpg","type":"image\/jpeg"}],"twitter_card":"summary_large_image","twitter_site":"@luxetoronto","schema":{"@context":"https:\/\/schema.org","@graph":[{"@type":"WebPage","@id":"https:\/\/luxerentals.ca\/fr\/?product=capital-table-a-cocktail-noir","url":"https:\/\/luxerentals.ca\/fr\/?product=capital-table-a-cocktail-noir","name":"Capital Table \u00e0 cocktail - Noir | Luxe Rentals","isPartOf":{"@id":"https:\/\/luxerentals.ca\/fr\/#website"},"primaryImageOfPage":{"@id":"https:\/\/luxerentals.ca\/fr\/?product=capital-table-a-cocktail-noir#primaryimage"},"image":{"@id":"https:\/\/luxerentals.ca\/fr\/?product=capital-table-a-cocktail-noir#primaryimage"},"thumbnailUrl":"https:\/\/luxerentals.ca\/fr\/wp-content\/uploads\/2016\/04\/captial-cruiser-SS-black-plexi.jpg","datePublished":"2016-07-18T15:47:46+00:00","dateModified":"2017-04-12T11:20:12+00:00","breadcrumb":{"@id":"https:\/\/luxerentals.ca\/fr\/?product=capital-table-a-cocktail-noir#breadcrumb"},"inLanguage":"en-US","potentialAction":[{"@type":"ReadAction","target":["https:\/\/luxerentals.ca\/fr\/?product=capital-table-a-cocktail-noir"]}]},{"@type":"ImageObject","inLanguage":"en-US","@id":"https:\/\/luxerentals.ca\/fr\/?product=capital-table-a-cocktail-noir#primaryimage","url":"https:\/\/luxerentals.ca\/fr\/wp-content\/uploads\/2016\/04\/captial-cruiser-SS-black-plexi.jpg","contentUrl":"https:\/\/luxerentals.ca\/fr\/wp-content\/uploads\/2016\/04\/captial-cruiser-SS-black-plexi.jpg","width":792,"height":792},{"@type":"BreadcrumbList","@id":"https:\/\/luxerentals.ca\/fr\/?product=capital-table-a-cocktail-noir#breadcrumb","itemListElement":[{"@type":"ListItem","position":1,"name":"Home","item":"https:\/\/luxerentals.ca\/fr\/"},{"@type":"ListItem","position":2,"name":"Mobilier","item":"https:\/\/luxerentals.ca\/fr\/?page_id=87"},{"@type":"ListItem","position":3,"name":"Capital Table \u00e0 cocktail &#8211; Noir"}]},{"@type":"WebSite","@id":"https:\/\/luxerentals.ca\/fr\/#website","url":"https:\/\/luxerentals.ca\/fr\/","name":"Luxe Rentals","description":"LOCATION DE MOBILIERS ET D\u00c9CORATIONS POUR \u00c9V\u00c9NEMENTS \u00c0 MONTR\u00c9AL","potentialAction":[{"@type":"SearchAction","target":{"@type":"EntryPoint","urlTemplate":"https:\/\/luxerentals.ca\/fr\/?s={search_term_string}"},"query-input":{"@type":"PropertyValueSpecification","valueRequired":true,"valueName":"search_term_string"}}],"inLanguage":"en-US"}]}},"_links":{"self":[{"href":"https:\/\/luxerentals.ca\/fr\/wp-json\/wp\/v2\/product\/2705","targetHints":{"allow":["GET"]}}],"collection":[{"href":"https:\/\/luxerentals.ca\/fr\/wp-json\/wp\/v2\/product"}],"about":[{"href":"https:\/\/luxerentals.ca\/fr\/wp-json\/wp\/v2\/types\/product"}],"wp:featuredmedia":[{"embeddable":true,"href":"https:\/\/luxerentals.ca\/fr\/wp-json\/wp\/v2\/media\/666"}],"wp:attachment":[{"href":"https:\/\/luxerentals.ca\/fr\/wp-json\/wp\/v2\/media?parent=2705"}],"wp:term":[{"taxonomy":"product_brand","embeddable":true,"href":"https:\/\/luxerentals.ca\/fr\/wp-json\/wp\/v2\/product_brand?post=2705"},{"taxonomy":"product_cat","embeddable":true,"href":"https:\/\/luxerentals.ca\/fr\/wp-json\/wp\/v2\/product_cat?post=2705"},{"taxonomy":"product_tag","embeddable":true,"href":"https:\/\/luxerentals.ca\/fr\/wp-json\/wp\/v2\/product_tag?post=2705"}],"curies":[{"name":"wp","href":"https:\/\/api.w.org\/{rel}","templated":true}]}}