{"id":3837,"date":"2026-04-16T17:18:32","date_gmt":"2026-04-16T17:18:32","guid":{"rendered":"https:\/\/luxerentals.ca\/fr\/?post_type=product&#038;p=3837"},"modified":"2026-04-16T17:22:06","modified_gmt":"2026-04-16T17:22:06","slug":"canape-eden-en-lin-ivoire-module-lounge-cote-droit","status":"publish","type":"product","link":"https:\/\/luxerentals.ca\/fr\/product\/canape-eden-en-lin-ivoire-module-lounge-cote-droit\/","title":{"rendered":"Canap\u00e9 Eden en lin ivoire \u2013 module lounge c\u00f4t\u00e9 droit"},"content":{"rendered":"","protected":false},"excerpt":{"rendered":"<p>Compl\u00e9tez votre am\u00e9nagement lounge avec le canap\u00e9 Eden en lin ivoire \u2013 c\u00f4t\u00e9 droit, \u00e0 l\u2019\u00e9l\u00e9gance sophistiqu\u00e9e. Dot\u00e9 d\u2019un design moderne et \u00e9pur\u00e9 aux lignes architecturales nettes, ce module apporte une touche raffin\u00e9e \u00e0 tout environnement \u00e9v\u00e9nementiel.<\/p>\n","protected":false},"featured_media":3838,"template":"","meta":[],"product_brand":[],"product_cat":[6],"product_tag":[],"class_list":{"0":"post-3837","1":"product","2":"type-product","3":"status-publish","4":"has-post-thumbnail","6":"product_cat-sofas-modulaires-ottomanes","8":"first","9":"instock","10":"shipping-taxable","11":"product-type-simple"},"yoast_head":"<!-- This site is optimized with the Yoast SEO plugin v27.4 - https:\/\/yoast.com\/product\/yoast-seo-wordpress\/ -->\n<title>Canap\u00e9 Eden en lin ivoire \u2013 module lounge c\u00f4t\u00e9 droit | Luxe Rentals<\/title>\n<meta name=\"robots\" content=\"index, follow, max-snippet:-1, max-image-preview:large, max-video-preview:-1\" \/>\n<link rel=\"canonical\" href=\"https:\/\/luxerentals.ca\/fr\/product\/canape-eden-en-lin-ivoire-module-lounge-cote-droit\/\" \/>\n<meta property=\"og:locale\" content=\"en_US\" \/>\n<meta property=\"og:type\" content=\"article\" \/>\n<meta property=\"og:title\" content=\"Canap\u00e9 Eden en lin ivoire \u2013 module lounge c\u00f4t\u00e9 droit | Luxe Rentals\" \/>\n<meta property=\"og:description\" content=\"Compl\u00e9tez votre am\u00e9nagement lounge avec le canap\u00e9 Eden en lin ivoire \u2013 c\u00f4t\u00e9 droit, \u00e0 l\u2019\u00e9l\u00e9gance sophistiqu\u00e9e. Dot\u00e9 d\u2019un design moderne et \u00e9pur\u00e9 aux lignes architecturales nettes, ce module apporte une touche raffin\u00e9e \u00e0 tout environnement \u00e9v\u00e9nementiel.\" \/>\n<meta property=\"og:url\" content=\"https:\/\/luxerentals.ca\/fr\/product\/canape-eden-en-lin-ivoire-module-lounge-cote-droit\/\" \/>\n<meta property=\"og:site_name\" content=\"Luxe Rentals\" \/>\n<meta property=\"article:publisher\" content=\"https:\/\/www.facebook.com\/luxerentals\/\" \/>\n<meta property=\"article:modified_time\" content=\"2026-04-16T17:22:06+00:00\" \/>\n<meta property=\"og:image\" content=\"https:\/\/luxerentals.ca\/fr\/wp-content\/uploads\/2026\/04\/10549115-1024x683.png\" \/>\n\t<meta property=\"og:image:width\" content=\"1024\" \/>\n\t<meta property=\"og:image:height\" content=\"683\" \/>\n\t<meta property=\"og:image:type\" content=\"image\/png\" \/>\n<meta name=\"twitter:card\" content=\"summary_large_image\" \/>\n<meta name=\"twitter:site\" content=\"@luxetoronto\" \/>\n<meta name=\"twitter:label1\" content=\"Est. reading time\" \/>\n\t<meta name=\"twitter:data1\" content=\"1 minute\" \/>\n<script type=\"application\/ld+json\" class=\"yoast-schema-graph\">{\"@context\":\"https:\\\/\\\/schema.org\",\"@graph\":[{\"@type\":\"WebPage\",\"@id\":\"https:\\\/\\\/luxerentals.ca\\\/fr\\\/product\\\/canape-eden-en-lin-ivoire-module-lounge-cote-droit\\\/\",\"url\":\"https:\\\/\\\/luxerentals.ca\\\/fr\\\/product\\\/canape-eden-en-lin-ivoire-module-lounge-cote-droit\\\/\",\"name\":\"Canap\u00e9 Eden en lin ivoire \u2013 module lounge c\u00f4t\u00e9 droit | Luxe Rentals\",\"isPartOf\":{\"@id\":\"https:\\\/\\\/luxerentals.ca\\\/fr\\\/#website\"},\"primaryImageOfPage\":{\"@id\":\"https:\\\/\\\/luxerentals.ca\\\/fr\\\/product\\\/canape-eden-en-lin-ivoire-module-lounge-cote-droit\\\/#primaryimage\"},\"image\":{\"@id\":\"https:\\\/\\\/luxerentals.ca\\\/fr\\\/product\\\/canape-eden-en-lin-ivoire-module-lounge-cote-droit\\\/#primaryimage\"},\"thumbnailUrl\":\"https:\\\/\\\/luxerentals.ca\\\/fr\\\/wp-content\\\/uploads\\\/2026\\\/04\\\/10549115.png\",\"datePublished\":\"2026-04-16T17:18:32+00:00\",\"dateModified\":\"2026-04-16T17:22:06+00:00\",\"breadcrumb\":{\"@id\":\"https:\\\/\\\/luxerentals.ca\\\/fr\\\/product\\\/canape-eden-en-lin-ivoire-module-lounge-cote-droit\\\/#breadcrumb\"},\"inLanguage\":\"en-US\",\"potentialAction\":[{\"@type\":\"ReadAction\",\"target\":[\"https:\\\/\\\/luxerentals.ca\\\/fr\\\/product\\\/canape-eden-en-lin-ivoire-module-lounge-cote-droit\\\/\"]}]},{\"@type\":\"ImageObject\",\"inLanguage\":\"en-US\",\"@id\":\"https:\\\/\\\/luxerentals.ca\\\/fr\\\/product\\\/canape-eden-en-lin-ivoire-module-lounge-cote-droit\\\/#primaryimage\",\"url\":\"https:\\\/\\\/luxerentals.ca\\\/fr\\\/wp-content\\\/uploads\\\/2026\\\/04\\\/10549115.png\",\"contentUrl\":\"https:\\\/\\\/luxerentals.ca\\\/fr\\\/wp-content\\\/uploads\\\/2026\\\/04\\\/10549115.png\",\"width\":1536,\"height\":1024},{\"@type\":\"BreadcrumbList\",\"@id\":\"https:\\\/\\\/luxerentals.ca\\\/fr\\\/product\\\/canape-eden-en-lin-ivoire-module-lounge-cote-droit\\\/#breadcrumb\",\"itemListElement\":[{\"@type\":\"ListItem\",\"position\":1,\"name\":\"Home\",\"item\":\"https:\\\/\\\/luxerentals.ca\\\/fr\\\/\"},{\"@type\":\"ListItem\",\"position\":2,\"name\":\"Mobilier\",\"item\":\"https:\\\/\\\/luxerentals.ca\\\/fr\\\/?page_id=87\"},{\"@type\":\"ListItem\",\"position\":3,\"name\":\"Canap\u00e9 Eden en lin ivoire \u2013 module lounge c\u00f4t\u00e9 droit\"}]},{\"@type\":\"WebSite\",\"@id\":\"https:\\\/\\\/luxerentals.ca\\\/fr\\\/#website\",\"url\":\"https:\\\/\\\/luxerentals.ca\\\/fr\\\/\",\"name\":\"Luxe Rentals\",\"description\":\"LOCATION DE MOBILIERS ET D\u00c9CORATIONS POUR \u00c9V\u00c9NEMENTS \u00c0 MONTR\u00c9AL\",\"potentialAction\":[{\"@type\":\"SearchAction\",\"target\":{\"@type\":\"EntryPoint\",\"urlTemplate\":\"https:\\\/\\\/luxerentals.ca\\\/fr\\\/?s={search_term_string}\"},\"query-input\":{\"@type\":\"PropertyValueSpecification\",\"valueRequired\":true,\"valueName\":\"search_term_string\"}}],\"inLanguage\":\"en-US\"}]}<\/script>\n<!-- \/ Yoast SEO plugin. -->","yoast_head_json":{"title":"Canap\u00e9 Eden en lin ivoire \u2013 module lounge c\u00f4t\u00e9 droit | Luxe Rentals","robots":{"index":"index","follow":"follow","max-snippet":"max-snippet:-1","max-image-preview":"max-image-preview:large","max-video-preview":"max-video-preview:-1"},"canonical":"https:\/\/luxerentals.ca\/fr\/product\/canape-eden-en-lin-ivoire-module-lounge-cote-droit\/","og_locale":"en_US","og_type":"article","og_title":"Canap\u00e9 Eden en lin ivoire \u2013 module lounge c\u00f4t\u00e9 droit | Luxe Rentals","og_description":"Compl\u00e9tez votre am\u00e9nagement lounge avec le canap\u00e9 Eden en lin ivoire \u2013 c\u00f4t\u00e9 droit, \u00e0 l\u2019\u00e9l\u00e9gance sophistiqu\u00e9e. Dot\u00e9 d\u2019un design moderne et \u00e9pur\u00e9 aux lignes architecturales nettes, ce module apporte une touche raffin\u00e9e \u00e0 tout environnement \u00e9v\u00e9nementiel.","og_url":"https:\/\/luxerentals.ca\/fr\/product\/canape-eden-en-lin-ivoire-module-lounge-cote-droit\/","og_site_name":"Luxe Rentals","article_publisher":"https:\/\/www.facebook.com\/luxerentals\/","article_modified_time":"2026-04-16T17:22:06+00:00","og_image":[{"width":1024,"height":683,"url":"https:\/\/luxerentals.ca\/fr\/wp-content\/uploads\/2026\/04\/10549115-1024x683.png","type":"image\/png"}],"twitter_card":"summary_large_image","twitter_site":"@luxetoronto","twitter_misc":{"Est. reading time":"1 minute"},"schema":{"@context":"https:\/\/schema.org","@graph":[{"@type":"WebPage","@id":"https:\/\/luxerentals.ca\/fr\/product\/canape-eden-en-lin-ivoire-module-lounge-cote-droit\/","url":"https:\/\/luxerentals.ca\/fr\/product\/canape-eden-en-lin-ivoire-module-lounge-cote-droit\/","name":"Canap\u00e9 Eden en lin ivoire \u2013 module lounge c\u00f4t\u00e9 droit | Luxe Rentals","isPartOf":{"@id":"https:\/\/luxerentals.ca\/fr\/#website"},"primaryImageOfPage":{"@id":"https:\/\/luxerentals.ca\/fr\/product\/canape-eden-en-lin-ivoire-module-lounge-cote-droit\/#primaryimage"},"image":{"@id":"https:\/\/luxerentals.ca\/fr\/product\/canape-eden-en-lin-ivoire-module-lounge-cote-droit\/#primaryimage"},"thumbnailUrl":"https:\/\/luxerentals.ca\/fr\/wp-content\/uploads\/2026\/04\/10549115.png","datePublished":"2026-04-16T17:18:32+00:00","dateModified":"2026-04-16T17:22:06+00:00","breadcrumb":{"@id":"https:\/\/luxerentals.ca\/fr\/product\/canape-eden-en-lin-ivoire-module-lounge-cote-droit\/#breadcrumb"},"inLanguage":"en-US","potentialAction":[{"@type":"ReadAction","target":["https:\/\/luxerentals.ca\/fr\/product\/canape-eden-en-lin-ivoire-module-lounge-cote-droit\/"]}]},{"@type":"ImageObject","inLanguage":"en-US","@id":"https:\/\/luxerentals.ca\/fr\/product\/canape-eden-en-lin-ivoire-module-lounge-cote-droit\/#primaryimage","url":"https:\/\/luxerentals.ca\/fr\/wp-content\/uploads\/2026\/04\/10549115.png","contentUrl":"https:\/\/luxerentals.ca\/fr\/wp-content\/uploads\/2026\/04\/10549115.png","width":1536,"height":1024},{"@type":"BreadcrumbList","@id":"https:\/\/luxerentals.ca\/fr\/product\/canape-eden-en-lin-ivoire-module-lounge-cote-droit\/#breadcrumb","itemListElement":[{"@type":"ListItem","position":1,"name":"Home","item":"https:\/\/luxerentals.ca\/fr\/"},{"@type":"ListItem","position":2,"name":"Mobilier","item":"https:\/\/luxerentals.ca\/fr\/?page_id=87"},{"@type":"ListItem","position":3,"name":"Canap\u00e9 Eden en lin ivoire \u2013 module lounge c\u00f4t\u00e9 droit"}]},{"@type":"WebSite","@id":"https:\/\/luxerentals.ca\/fr\/#website","url":"https:\/\/luxerentals.ca\/fr\/","name":"Luxe Rentals","description":"LOCATION DE MOBILIERS ET D\u00c9CORATIONS POUR \u00c9V\u00c9NEMENTS \u00c0 MONTR\u00c9AL","potentialAction":[{"@type":"SearchAction","target":{"@type":"EntryPoint","urlTemplate":"https:\/\/luxerentals.ca\/fr\/?s={search_term_string}"},"query-input":{"@type":"PropertyValueSpecification","valueRequired":true,"valueName":"search_term_string"}}],"inLanguage":"en-US"}]}},"_links":{"self":[{"href":"https:\/\/luxerentals.ca\/fr\/wp-json\/wp\/v2\/product\/3837","targetHints":{"allow":["GET"]}}],"collection":[{"href":"https:\/\/luxerentals.ca\/fr\/wp-json\/wp\/v2\/product"}],"about":[{"href":"https:\/\/luxerentals.ca\/fr\/wp-json\/wp\/v2\/types\/product"}],"wp:featuredmedia":[{"embeddable":true,"href":"https:\/\/luxerentals.ca\/fr\/wp-json\/wp\/v2\/media\/3838"}],"wp:attachment":[{"href":"https:\/\/luxerentals.ca\/fr\/wp-json\/wp\/v2\/media?parent=3837"}],"wp:term":[{"taxonomy":"product_brand","embeddable":true,"href":"https:\/\/luxerentals.ca\/fr\/wp-json\/wp\/v2\/product_brand?post=3837"},{"taxonomy":"product_cat","embeddable":true,"href":"https:\/\/luxerentals.ca\/fr\/wp-json\/wp\/v2\/product_cat?post=3837"},{"taxonomy":"product_tag","embeddable":true,"href":"https:\/\/luxerentals.ca\/fr\/wp-json\/wp\/v2\/product_tag?post=3837"}],"curies":[{"name":"wp","href":"https:\/\/api.w.org\/{rel}","templated":true}]}}