{"id":495,"date":"2016-03-28T13:45:53","date_gmt":"2016-03-28T13:45:53","guid":{"rendered":"http:\/\/www.luxerentals.net\/?post_type=product&#038;p=495"},"modified":"2019-03-06T13:10:53","modified_gmt":"2019-03-06T13:10:53","slug":"louis-ghost-chaise","status":"publish","type":"product","link":"https:\/\/luxerentals.ca\/fr\/product\/louis-ghost-chaise\/","title":{"rendered":"Louis Ghost Chaise &#8211; Ivoire"},"content":{"rendered":"","protected":false},"excerpt":{"rendered":"","protected":false},"featured_media":3102,"template":"","meta":[],"product_brand":[],"product_cat":[11],"product_tag":[117,116,194],"class_list":{"0":"post-495","1":"product","2":"type-product","3":"status-publish","4":"has-post-thumbnail","6":"product_cat-chaises-a-manger-tabourets","7":"product_tag-blanc","8":"product_tag-chaise","9":"product_tag-ivory","11":"first","12":"instock","13":"shipping-taxable","14":"product-type-simple"},"yoast_head":"<!-- This site is optimized with the Yoast SEO plugin v25.3 - https:\/\/yoast.com\/wordpress\/plugins\/seo\/ -->\n<title>Louis Ghost Chaise - Ivoire | Luxe Rentals<\/title>\n<meta name=\"robots\" content=\"index, follow, max-snippet:-1, max-image-preview:large, max-video-preview:-1\" \/>\n<link rel=\"canonical\" href=\"https:\/\/luxerentals.ca\/fr\/?product=louis-ghost-chaise\" \/>\n<meta property=\"og:locale\" content=\"en_US\" \/>\n<meta property=\"og:type\" content=\"article\" \/>\n<meta property=\"og:title\" content=\"Louis Ghost Chaise - Ivoire | Luxe Rentals\" \/>\n<meta property=\"og:url\" content=\"https:\/\/luxerentals.ca\/fr\/?product=louis-ghost-chaise\" \/>\n<meta property=\"og:site_name\" content=\"Luxe Rentals\" \/>\n<meta property=\"article:publisher\" content=\"https:\/\/www.facebook.com\/luxerentals\/\" \/>\n<meta property=\"article:modified_time\" content=\"2019-03-06T13:10:53+00:00\" \/>\n<meta property=\"og:image\" content=\"https:\/\/luxerentals.ca\/fr\/wp-content\/uploads\/2016\/05\/louis-ghost-ivory-600x600.jpg\" \/>\n\t<meta property=\"og:image:width\" content=\"600\" \/>\n\t<meta property=\"og:image:height\" content=\"600\" \/>\n\t<meta property=\"og:image:type\" content=\"image\/jpeg\" \/>\n<meta name=\"twitter:card\" content=\"summary_large_image\" \/>\n<meta name=\"twitter:site\" content=\"@luxetoronto\" \/>\n<script type=\"application\/ld+json\" class=\"yoast-schema-graph\">{\"@context\":\"https:\/\/schema.org\",\"@graph\":[{\"@type\":\"WebPage\",\"@id\":\"https:\/\/luxerentals.ca\/fr\/?product=louis-ghost-chaise\",\"url\":\"https:\/\/luxerentals.ca\/fr\/?product=louis-ghost-chaise\",\"name\":\"Louis Ghost Chaise - Ivoire | Luxe Rentals\",\"isPartOf\":{\"@id\":\"https:\/\/luxerentals.ca\/fr\/#website\"},\"primaryImageOfPage\":{\"@id\":\"https:\/\/luxerentals.ca\/fr\/?product=louis-ghost-chaise#primaryimage\"},\"image\":{\"@id\":\"https:\/\/luxerentals.ca\/fr\/?product=louis-ghost-chaise#primaryimage\"},\"thumbnailUrl\":\"https:\/\/luxerentals.ca\/fr\/wp-content\/uploads\/2016\/05\/louis-ghost-ivory-600x600.jpg\",\"datePublished\":\"2016-03-28T13:45:53+00:00\",\"dateModified\":\"2019-03-06T13:10:53+00:00\",\"breadcrumb\":{\"@id\":\"https:\/\/luxerentals.ca\/fr\/?product=louis-ghost-chaise#breadcrumb\"},\"inLanguage\":\"en-US\",\"potentialAction\":[{\"@type\":\"ReadAction\",\"target\":[\"https:\/\/luxerentals.ca\/fr\/?product=louis-ghost-chaise\"]}]},{\"@type\":\"ImageObject\",\"inLanguage\":\"en-US\",\"@id\":\"https:\/\/luxerentals.ca\/fr\/?product=louis-ghost-chaise#primaryimage\",\"url\":\"https:\/\/luxerentals.ca\/fr\/wp-content\/uploads\/2016\/05\/louis-ghost-ivory-600x600.jpg\",\"contentUrl\":\"https:\/\/luxerentals.ca\/fr\/wp-content\/uploads\/2016\/05\/louis-ghost-ivory-600x600.jpg\",\"width\":600,\"height\":600},{\"@type\":\"BreadcrumbList\",\"@id\":\"https:\/\/luxerentals.ca\/fr\/?product=louis-ghost-chaise#breadcrumb\",\"itemListElement\":[{\"@type\":\"ListItem\",\"position\":1,\"name\":\"Home\",\"item\":\"https:\/\/luxerentals.ca\/fr\/\"},{\"@type\":\"ListItem\",\"position\":2,\"name\":\"Mobilier\",\"item\":\"https:\/\/luxerentals.ca\/fr\/?page_id=87\"},{\"@type\":\"ListItem\",\"position\":3,\"name\":\"Louis Ghost Chaise &#8211; Ivoire\"}]},{\"@type\":\"WebSite\",\"@id\":\"https:\/\/luxerentals.ca\/fr\/#website\",\"url\":\"https:\/\/luxerentals.ca\/fr\/\",\"name\":\"Luxe Rentals\",\"description\":\"LOCATION DE MOBILIERS ET D\u00c9CORATIONS POUR \u00c9V\u00c9NEMENTS \u00c0 MONTR\u00c9AL\",\"potentialAction\":[{\"@type\":\"SearchAction\",\"target\":{\"@type\":\"EntryPoint\",\"urlTemplate\":\"https:\/\/luxerentals.ca\/fr\/?s={search_term_string}\"},\"query-input\":{\"@type\":\"PropertyValueSpecification\",\"valueRequired\":true,\"valueName\":\"search_term_string\"}}],\"inLanguage\":\"en-US\"}]}<\/script>\n<!-- \/ Yoast SEO plugin. -->","yoast_head_json":{"title":"Louis Ghost Chaise - Ivoire | Luxe Rentals","robots":{"index":"index","follow":"follow","max-snippet":"max-snippet:-1","max-image-preview":"max-image-preview:large","max-video-preview":"max-video-preview:-1"},"canonical":"https:\/\/luxerentals.ca\/fr\/?product=louis-ghost-chaise","og_locale":"en_US","og_type":"article","og_title":"Louis Ghost Chaise - Ivoire | Luxe Rentals","og_url":"https:\/\/luxerentals.ca\/fr\/?product=louis-ghost-chaise","og_site_name":"Luxe Rentals","article_publisher":"https:\/\/www.facebook.com\/luxerentals\/","article_modified_time":"2019-03-06T13:10:53+00:00","og_image":[{"width":600,"height":600,"url":"https:\/\/luxerentals.ca\/fr\/wp-content\/uploads\/2016\/05\/louis-ghost-ivory-600x600.jpg","type":"image\/jpeg"}],"twitter_card":"summary_large_image","twitter_site":"@luxetoronto","schema":{"@context":"https:\/\/schema.org","@graph":[{"@type":"WebPage","@id":"https:\/\/luxerentals.ca\/fr\/?product=louis-ghost-chaise","url":"https:\/\/luxerentals.ca\/fr\/?product=louis-ghost-chaise","name":"Louis Ghost Chaise - Ivoire | Luxe Rentals","isPartOf":{"@id":"https:\/\/luxerentals.ca\/fr\/#website"},"primaryImageOfPage":{"@id":"https:\/\/luxerentals.ca\/fr\/?product=louis-ghost-chaise#primaryimage"},"image":{"@id":"https:\/\/luxerentals.ca\/fr\/?product=louis-ghost-chaise#primaryimage"},"thumbnailUrl":"https:\/\/luxerentals.ca\/fr\/wp-content\/uploads\/2016\/05\/louis-ghost-ivory-600x600.jpg","datePublished":"2016-03-28T13:45:53+00:00","dateModified":"2019-03-06T13:10:53+00:00","breadcrumb":{"@id":"https:\/\/luxerentals.ca\/fr\/?product=louis-ghost-chaise#breadcrumb"},"inLanguage":"en-US","potentialAction":[{"@type":"ReadAction","target":["https:\/\/luxerentals.ca\/fr\/?product=louis-ghost-chaise"]}]},{"@type":"ImageObject","inLanguage":"en-US","@id":"https:\/\/luxerentals.ca\/fr\/?product=louis-ghost-chaise#primaryimage","url":"https:\/\/luxerentals.ca\/fr\/wp-content\/uploads\/2016\/05\/louis-ghost-ivory-600x600.jpg","contentUrl":"https:\/\/luxerentals.ca\/fr\/wp-content\/uploads\/2016\/05\/louis-ghost-ivory-600x600.jpg","width":600,"height":600},{"@type":"BreadcrumbList","@id":"https:\/\/luxerentals.ca\/fr\/?product=louis-ghost-chaise#breadcrumb","itemListElement":[{"@type":"ListItem","position":1,"name":"Home","item":"https:\/\/luxerentals.ca\/fr\/"},{"@type":"ListItem","position":2,"name":"Mobilier","item":"https:\/\/luxerentals.ca\/fr\/?page_id=87"},{"@type":"ListItem","position":3,"name":"Louis Ghost Chaise &#8211; Ivoire"}]},{"@type":"WebSite","@id":"https:\/\/luxerentals.ca\/fr\/#website","url":"https:\/\/luxerentals.ca\/fr\/","name":"Luxe Rentals","description":"LOCATION DE MOBILIERS ET D\u00c9CORATIONS POUR \u00c9V\u00c9NEMENTS \u00c0 MONTR\u00c9AL","potentialAction":[{"@type":"SearchAction","target":{"@type":"EntryPoint","urlTemplate":"https:\/\/luxerentals.ca\/fr\/?s={search_term_string}"},"query-input":{"@type":"PropertyValueSpecification","valueRequired":true,"valueName":"search_term_string"}}],"inLanguage":"en-US"}]}},"_links":{"self":[{"href":"https:\/\/luxerentals.ca\/fr\/wp-json\/wp\/v2\/product\/495","targetHints":{"allow":["GET"]}}],"collection":[{"href":"https:\/\/luxerentals.ca\/fr\/wp-json\/wp\/v2\/product"}],"about":[{"href":"https:\/\/luxerentals.ca\/fr\/wp-json\/wp\/v2\/types\/product"}],"wp:featuredmedia":[{"embeddable":true,"href":"https:\/\/luxerentals.ca\/fr\/wp-json\/wp\/v2\/media\/3102"}],"wp:attachment":[{"href":"https:\/\/luxerentals.ca\/fr\/wp-json\/wp\/v2\/media?parent=495"}],"wp:term":[{"taxonomy":"product_brand","embeddable":true,"href":"https:\/\/luxerentals.ca\/fr\/wp-json\/wp\/v2\/product_brand?post=495"},{"taxonomy":"product_cat","embeddable":true,"href":"https:\/\/luxerentals.ca\/fr\/wp-json\/wp\/v2\/product_cat?post=495"},{"taxonomy":"product_tag","embeddable":true,"href":"https:\/\/luxerentals.ca\/fr\/wp-json\/wp\/v2\/product_tag?post=495"}],"curies":[{"name":"wp","href":"https:\/\/api.w.org\/{rel}","templated":true}]}}